{"id":9740,"date":"2024-04-09T19:59:03","date_gmt":"2024-04-09T19:59:03","guid":{"rendered":"https:\/\/tracevault.cl\/?page_id=9740"},"modified":"2025-07-01T14:43:38","modified_gmt":"2025-07-01T14:43:38","slug":"iso_27001","status":"publish","type":"page","link":"https:\/\/www.tracevault.cl\/en\/iso_27001\/","title":{"rendered":"Sistema de gesti\u00f3n de seguridad de la informaci\u00f3n"},"content":{"rendered":"<div      class=\"vc_row wpb_row section vc_row-fluid  vc_custom_1751291851839 grid_section full_screen_section\" style=' text-align:left;'><div class=\"section_inner clearfix\"><div class='section_inner_margin clearfix'><div class=\"wpb_column vc_column_container vc_col-sm-1\"><div class=\"vc_column-inner\"><div class=\"wpb_wrapper\"><\/div><\/div><\/div><div class=\"wpb_column vc_column_container vc_col-sm-10\"><div class=\"vc_column-inner\"><div class=\"wpb_wrapper\">\n\t<div class=\"wpb_text_column wpb_content_element  vc_custom_1751292432532\">\n\t\t<div class=\"wpb_wrapper\">\n\t\t\t<h1><span style=\"display: block; font-weight: 400;\">Sistema de gesti\u00f3n de<\/span>seguridad de la informaci\u00f3n<\/h1>\n\n\t\t<\/div> \n\t<\/div> \n\t<div class=\"wpb_text_column wpb_content_element  vc_custom_1751291099766\">\n\t\t<div class=\"wpb_wrapper\">\n\t\t\t<p style=\"font-weight: 400;\"><strong>La Seguridad de la Informaci\u00f3n en Magnet SPA es parte fundamental del negocio para as\u00ed entregar confianza a nuestros clientes y usuarios sobre las tecnolog\u00edas de la informaci\u00f3n que operamos. La data, con base en nuestra clasificaci\u00f3n de la informaci\u00f3n, es gestionada con los m\u00e1s altos est\u00e1ndares seg\u00fan las mejores pr\u00e1cticas disponibles en el mercado, lo cual es una base para nuestro crecimiento y sustentabilidad organizacional.<\/strong><\/p>\n<p>La Seguridad de la Informaci\u00f3n en Magnet SPA es posible dado el compromiso de la alta direcci\u00f3n promoviendo una cultura de mejora continua, facilitando los recursos y herramientas necesarias.<\/p>\n<p>La alta direcci\u00f3n entiende y atiende la importancia y beneficios de mantenerse en cumplimiento, no solo con los requerimientos de ISO 27001 y mejores pr\u00e1cticas de seguridad, sino adem\u00e1s con otros requisitos legales, contractuales y gubernamentales relevantes para el contexto de la organizaci\u00f3n.<\/p>\n<p>En Magnet SPA nuestras pol\u00edticas y procedimientos en cuanto a la Seguridad de la Informaci\u00f3n son del conocimiento general de nuestros colaboradores, cuando estas apliquen. En la medida de lo posible y con base al Plan de Comunicaci\u00f3n del SGSI definido, nuestras partes interesadas clave ser\u00e1n informadas de nuestros lineamientos y mejores pr\u00e1cticas.<\/p>\n\n\t\t<\/div> \n\t<\/div> \n\t<div class=\"wpb_single_image wpb_content_element vc_align_left  vc_custom_1751380926935\">\n\t\t<div class=\"wpb_wrapper\">\n\t\t\t\n\t\t\t<div class=\"vc_single_image-wrapper   vc_box_border_grey\"><img fetchpriority=\"high\" decoding=\"async\" class=\"vc_single_image-img\" src=\"https:\/\/www.tracevault.cl\/wp-content\/uploads\/2024\/06\/ISO-27001-Negro-252x252.png\" width=\"252\" height=\"252\" alt=\"Sello: Organizaci\u00f3n certificada ISO\/IEC 27001\" title=\"ISO 27001 - Negro\" \/><\/div>\n\t\t<\/div>\n\t<\/div>\n\n\t<div class=\"wpb_text_column wpb_content_element  vc_custom_1751291242235\">\n\t\t<div class=\"wpb_wrapper\">\n\t\t\t<p data-renderer-start-pos=\"310\"><strong>N\u00famero de Registro: 2024CRI-318<\/strong><\/p>\n<p data-renderer-start-pos=\"348\"><strong>Norma de referencia: ISO\/IEC 27001:2022<\/strong><\/p>\n<p>Los servicios de Desarrollo de software y Especificaci\u00f3n de software soportado por los procesos de Desarrollo de software, Especificaci\u00f3n de requerimientos, Configuraci\u00f3n de infraestructura cloud, Selecci\u00f3n, contrataci\u00f3n, inducci\u00f3n y desvinculaci\u00f3n de colaboradores, Venta de proyectos de desarrollo de software y Reporter\u00eda de uso de recursos en los proyectos, con el apoyo de las \u00e1reas funcionales de Operaciones, Recursos Humanos y Comercial.<\/p>\n<p>Todo esto acorde a la declaraci\u00f3n de aplicabilidad \u201c14.Magnet &#8211; v2 Declaraci\u00f3n de Aplicabilidad (SoA) (versi\u00f3n 2022)\u201d, versi\u00f3n 2, fechada del 23\/05\/2024.<\/p>\n\n\t\t<\/div> \n\t<\/div> <\/div><\/div><\/div><div class=\"wpb_column vc_column_container vc_col-sm-1\"><div class=\"vc_column-inner\"><div class=\"wpb_wrapper\"><\/div><\/div><\/div><\/div><\/div><\/div><div      class=\"vc_row wpb_row section vc_row-fluid  vc_custom_1751294187625 grid_section\" style=' text-align:left;'><div class=\"section_inner clearfix\"><div class='section_inner_margin clearfix'><div class=\"wpb_column vc_column_container vc_col-sm-1\"><div class=\"vc_column-inner\"><div class=\"wpb_wrapper\"><\/div><\/div><\/div><div class=\"wpb_column vc_column_container vc_col-sm-10\"><div class=\"vc_column-inner\"><div class=\"wpb_wrapper\">\n\t<div class=\"wpb_text_column wpb_content_element  vc_custom_1751292439740\">\n\t\t<div class=\"wpb_wrapper\">\n\t\t\t<h2><span style=\"font-weight: 400;\">Pol\u00edtica de<\/span> Seguridad de la Informaci\u00f3n<span style=\"display: block; font-weight: 400; font-size: 32px;\">POL-SI-V5<\/span><\/h2>\n\n\t\t<\/div> \n\t<\/div> <\/div><\/div><\/div><div class=\"wpb_column vc_column_container vc_col-sm-1\"><div class=\"vc_column-inner\"><div class=\"wpb_wrapper\"><\/div><\/div><\/div><\/div><\/div><\/div><div      class=\"vc_row wpb_row section vc_row-fluid  vc_custom_1751294174938 grid_section\" style=' text-align:left;'><div class=\"section_inner clearfix\"><div class='section_inner_margin clearfix'><div class=\"wpb_column vc_column_container vc_col-sm-1\"><div class=\"vc_column-inner\"><div class=\"wpb_wrapper\"><\/div><\/div><\/div><div class=\"wpb_column vc_column_container vc_col-sm-8\"><div class=\"vc_column-inner\"><div class=\"wpb_wrapper\"><a  itemprop=\"url\" href=\"#definitionSection\" target=\"_self\"  class=\"qbutton  default\" style=\"\">Definici\u00f3n de Seguridad de la informaci\u00f3n<\/a>\t<div class=\"vc_empty_space\"  style=\"height: 24px\" ><span\n\t\t\tclass=\"vc_empty_space_inner\">\n\t\t\t<span class=\"empty_space_image\"  ><\/span>\n\t\t<\/span><\/div>\n\n<a  itemprop=\"url\" href=\"#objectivesSection\" target=\"_self\"  class=\"qbutton  default\" style=\"\">Objetivos de Seguridad de la informaci\u00f3n<\/a>\t<div class=\"vc_empty_space\"  style=\"height: 24px\" ><span\n\t\t\tclass=\"vc_empty_space_inner\">\n\t\t\t<span class=\"empty_space_image\"  ><\/span>\n\t\t<\/span><\/div>\n\n<a  itemprop=\"url\" href=\"#principlesSection\" target=\"_self\"  class=\"qbutton  default\" style=\"\">Principios<\/a>\t<div class=\"vc_empty_space\"  style=\"height: 24px\" ><span\n\t\t\tclass=\"vc_empty_space_inner\">\n\t\t\t<span class=\"empty_space_image\"  ><\/span>\n\t\t<\/span><\/div>\n\n<a  itemprop=\"url\" href=\"#implementationSection\" target=\"_self\"  class=\"qbutton  default\" style=\"\">Implementaci\u00f3n<\/a>\t<div class=\"vc_empty_space\"  style=\"height: 48px\" ><span\n\t\t\tclass=\"vc_empty_space_inner\">\n\t\t\t<span class=\"empty_space_image\"  ><\/span>\n\t\t<\/span><\/div>\n\n\n\t<div class=\"wpb_text_column wpb_content_element  vc_custom_1751380221322\">\n\t\t<div class=\"wpb_wrapper\">\n\t\t\t<h3 id=\"definitionSection\" style=\"padding-top: 72px; font-size: 20px; line-height: 24px;\">Definici\u00f3n de Seguridad de la Informaci\u00f3n<\/h3>\n\n\t\t<\/div> \n\t<\/div> \n\t<div class=\"wpb_text_column wpb_content_element\">\n\t\t<div class=\"wpb_wrapper\">\n\t\t\t<p>Mantener la seguridad de la informaci\u00f3n significa preservar la confidencialidad, integridad y disponibilidad de esta.<\/p>\n<p>Confidencialidad: Se refiere a la protecci\u00f3n de los activos de informaci\u00f3n, asegurando que solo las personas o entidades con los permisos adecuados puedan acceder a ellos.<\/p>\n<p>Integridad: Se refiere a garantizar que los activos de informaci\u00f3n se mantengan precisos, completos y protegidos contra alteraciones no autorizadas.<\/p>\n<p>Disponibilidad: Implica asegurar que los activos de informaci\u00f3n y datos cr\u00edticos est\u00e9n accesibles y funcionando cuando se necesiten, evitando interrupciones no deseadas.<\/p>\n\n\t\t<\/div> \n\t<\/div> \n\t<div class=\"wpb_text_column wpb_content_element  vc_custom_1751379991312\">\n\t\t<div class=\"wpb_wrapper\">\n\t\t\t<h3 id=\"objectivesSection\" style=\"padding-top: 72px; font-size: 20px; line-height: 24px;\">Objetivos de Seguridad de la informaci\u00f3n<\/h3>\n\n\t\t<\/div> \n\t<\/div> \n\t<div class=\"wpb_text_column wpb_content_element\">\n\t\t<div class=\"wpb_wrapper\">\n\t\t\t<p>Los objetivos de Seguridad de la Informaci\u00f3n de Magnet son los siguientes:<\/p>\n<p>Fortalecer la confidencialidad: Implementar y mantener controles que aseguren que la informaci\u00f3n proporcionada por nuestros clientes se maneje de forma segura y confidencial, generando confianza en que sus datos est\u00e1n protegidos.<\/p>\n<p>Fortalecer la integridad: Establecer mecanismos que protejan tanto los datos como a las personas frente a alteraciones no autorizadas o errores.<\/p>\n<p>Garantizar la disponibilidad: Asegurar que los activos de informaci\u00f3n \u2014incluyendo personal, sistemas, aplicaciones y documentaci\u00f3n\u2014 est\u00e9n disponibles para entregar de manera continua nuestros servicios a los clientes.<\/p>\n<p>Asegurar la trazabilidad: Implementar procesos que permitan registrar y auditar adecuadamente las actividades relevantes, de modo que se pueda identificar qu\u00e9 ocurri\u00f3, cu\u00e1ndo, c\u00f3mo y qui\u00e9n particip\u00f3, facilitando as\u00ed la mejora continua y la resoluci\u00f3n de incidentes.<\/p>\n<p>Disminuir la burocracia: Buscamos facilitar, en lugar de obstaculizar, los procesos operativos de la empresa. Se priorizar\u00e1 la automatizaci\u00f3n y la mejora de los procesos existentes para hacerlos m\u00e1s seguros, evitando la creaci\u00f3n de procesos adicionales que aumenten la carga administrativa.<\/p>\n<p>Promover el conocimiento y la participaci\u00f3n: Asegurar que todos los miembros de la organizaci\u00f3n comprendan su rol y responsabilidades dentro del SGSI. Un sistema efectivo requiere conciencia, compromiso y participaci\u00f3n activa.<\/p>\n\n\t\t<\/div> \n\t<\/div> \n\t<div class=\"wpb_text_column wpb_content_element  vc_custom_1751380253158\">\n\t\t<div class=\"wpb_wrapper\">\n\t\t\t<h3 id=\"principlesSection\" style=\"padding-top: 72px; font-size: 20px; line-height: 24px;\">Principios<\/h3>\n\n\t\t<\/div> \n\t<\/div> \n\t<div class=\"wpb_text_column wpb_content_element\">\n\t\t<div class=\"wpb_wrapper\">\n\t\t\t<p>Las prioridades de Magnet sobre qu\u00e9 considerar al momento de tomar cualquier decisi\u00f3n relacionada al manejo de informaci\u00f3n son las siguientes:<\/p>\n<ol style=\"padding-left: 24px; margin-bottom: 16px;\">\n<li>Mantener la seguridad de los colaboradores, clientes o cualquier otra persona.<\/li>\n<li>Mantener la confidencialidad.<\/li>\n<li>Mantener la integridad de los activos de informaci\u00f3n.<\/li>\n<li>Mantener la disponibilidad de los activos de informaci\u00f3n.<\/li>\n<li>Mantener la trazabilidad<\/li>\n<li>Mantener la comunicaci\u00f3n entre las partes interesadas.<\/li>\n<\/ol>\n<p>Todos los procedimientos existentes de la empresa se rigen bajo esta prioridad, y todos los procedimientos nuevos se dise\u00f1an en base a esta.<\/p>\n<p>Como no es posible documentar el 100% de los procedimientos realizados dentro de la empresa, se espera que todos los trabajadores de Magnet comprendan estas prioridades y las apliquen al momento de tomar decisiones relacionadas al manejo de la informaci\u00f3n y la seguridad de esta.<\/p>\n\n\t\t<\/div> \n\t<\/div> \n\t<div class=\"wpb_text_column wpb_content_element  vc_custom_1751380273305\">\n\t\t<div class=\"wpb_wrapper\">\n\t\t\t<h3 id=\"implementationSection\" style=\"padding-top: 72px; font-size: 20px; line-height: 24px;\">Implementaci\u00f3n<\/h3>\n\n\t\t<\/div> \n\t<\/div> \n\t<div class=\"wpb_text_column wpb_content_element  vc_custom_1751293829221\">\n\t\t<div class=\"wpb_wrapper\">\n\t\t\t<h4 style=\"font-size: 16px; line-height: 24px;\">1. Compromisos<\/h4>\n\n\t\t<\/div> \n\t<\/div> \n\t<div class=\"wpb_text_column wpb_content_element  vc_custom_1751293747672\">\n\t\t<div class=\"wpb_wrapper\">\n\t\t\t<p>Magnet implementa un Sistema de Gesti\u00f3n de Seguridad de la Informaci\u00f3n (SGSI) para lograr los objetivos mencionados en este documento. Esto implica definir pol\u00edticas, procedimientos y est\u00e1ndares para el equipo, asegurando que act\u00faen siempre bajo los principios definidos anteriormente.<\/p>\n<p>Magnet se compromete a satisfacer los requerimientos de su SGSI, a monitorear su avance y a mejorarlo cont\u00ednuamente.<\/p>\n\n\t\t<\/div> \n\t<\/div> \n\t<div class=\"wpb_text_column wpb_content_element  vc_custom_1751293823856\">\n\t\t<div class=\"wpb_wrapper\">\n\t\t\t<h4 style=\"font-size: 16px; line-height: 24px;\">2. Responsables<\/h4>\n\n\t\t<\/div> \n\t<\/div> \n\t<div class=\"wpb_text_column wpb_content_element  vc_custom_1751293735869\">\n\t\t<div class=\"wpb_wrapper\">\n\t\t\t<p>Magnet designa un Comit\u00e9 de Seguridad de la Informaci\u00f3n y un Oficial de Seguridad de la Informaci\u00f3n (OSI) para garantizar el cumplimiento del SGSI, considerando lo siguiente:<br \/>\nSe re\u00fanen mensualmente para evaluar el cumplimiento de los objetivos y revisar la eficacia del sistema.<\/p>\n<p>Entre los recursos destinados al funcionamiento del SGSI se considera el tiempo del comit\u00e9 y del OSI y el tiempo del equipo para participar en capacitaciones, leer documentaci\u00f3n relevante y aplicar los controles definidos.<\/p>\n<p>Como apoyo, se utiliza la plataforma interna Compliance, la cual facilita el monitoreo y seguimiento del SGSI.<\/p>\n<p>El cumplimiento y la mejora del sistema se eval\u00faan a trav\u00e9s de m\u00e9tricas definidas, retroalimentaci\u00f3n recibida y el an\u00e1lisis de los incidentes de seguridad que se presenten.<\/p>\n\n\t\t<\/div> \n\t<\/div> \n\t<div class=\"wpb_text_column wpb_content_element  vc_custom_1751293818465\">\n\t\t<div class=\"wpb_wrapper\">\n\t\t\t<h4 style=\"font-size: 16px; line-height: 24px;\">3. Excepciones<\/h4>\n\n\t\t<\/div> \n\t<\/div> \n\t<div class=\"wpb_text_column wpb_content_element\">\n\t\t<div class=\"wpb_wrapper\">\n\t\t\t<p>En caso de que se requieran acciones que no se alineen con las prioridades establecidas por Magnet, estas deber\u00e1n ser comunicadas oportunamente al Comit\u00e9 de Seguridad de la Informaci\u00f3n. El comit\u00e9 ser\u00e1 responsable de analizar y evaluar la justificaci\u00f3n de dichas excepciones, y podr\u00e1 autorizarlas solo si se considera que est\u00e1n debidamente fundamentadas y no comprometen de forma inaceptable la seguridad de la informaci\u00f3n ni los objetivos del SGSI.<\/p>\n<p>Toda excepci\u00f3n aprobada deber\u00e1 quedar registrada mediante un mensaje en un canal p\u00fablico de Slack en el que est\u00e9 el Comit\u00e9 de Seguridad, a fin de asegurar la trazabilidad y facilitar futuras revisiones o auditor\u00edas.<\/p>\n\n\t\t<\/div> \n\t<\/div> <\/div><\/div><\/div><div class=\"wpb_column vc_column_container vc_col-sm-3\"><div class=\"vc_column-inner\"><div class=\"wpb_wrapper\"><\/div><\/div><\/div><\/div><\/div><\/div>","protected":false},"excerpt":{"rendered":"Sistema de gesti\u00f3n deseguridad de la informaci\u00f3n La Seguridad de la Informaci\u00f3n en Magnet SPA es parte fundamental del negocio para as\u00ed entregar confianza a nuestros clientes y usuarios sobre las tecnolog\u00edas de la informaci\u00f3n que operamos. La data, con base en nuestra clasificaci\u00f3n de...","protected":false},"author":1,"featured_media":0,"parent":0,"menu_order":0,"comment_status":"closed","ping_status":"closed","template":"full_width.php","meta":{"inline_featured_image":false,"footnotes":""},"class_list":["post-9740","page","type-page","status-publish","hentry"],"yoast_head":"<!-- This site is optimized with the Yoast SEO plugin v25.6 - https:\/\/yoast.com\/wordpress\/plugins\/seo\/ -->\n<title>Sistema de gesti\u00f3n de seguridad de la informaci\u00f3n - Tracevault<\/title>\n<meta name=\"robots\" content=\"index, follow, max-snippet:-1, max-image-preview:large, max-video-preview:-1\" \/>\n<link rel=\"canonical\" href=\"https:\/\/www.tracevault.cl\/en\/iso_27001\/\" \/>\n<meta property=\"og:locale\" content=\"en_US\" \/>\n<meta property=\"og:type\" content=\"article\" \/>\n<meta property=\"og:title\" content=\"Sistema de gesti\u00f3n de seguridad de la informaci\u00f3n - Tracevault\" \/>\n<meta property=\"og:url\" content=\"https:\/\/www.tracevault.cl\/en\/iso_27001\/\" \/>\n<meta property=\"og:site_name\" content=\"Tracevault\" \/>\n<meta property=\"article:modified_time\" content=\"2025-07-01T14:43:38+00:00\" \/>\n<meta name=\"twitter:card\" content=\"summary_large_image\" \/>\n<meta name=\"twitter:label1\" content=\"Est. reading time\" \/>\n\t<meta name=\"twitter:data1\" content=\"5 minutes\" \/>\n<script type=\"application\/ld+json\" class=\"yoast-schema-graph\">{\"@context\":\"https:\/\/schema.org\",\"@graph\":[{\"@type\":\"WebPage\",\"@id\":\"https:\/\/www.tracevault.cl\/iso_27001\/\",\"url\":\"https:\/\/www.tracevault.cl\/iso_27001\/\",\"name\":\"Sistema de gesti\u00f3n de seguridad de la informaci\u00f3n - Tracevault\",\"isPartOf\":{\"@id\":\"https:\/\/www.tracevault.cl\/#website\"},\"datePublished\":\"2024-04-09T19:59:03+00:00\",\"dateModified\":\"2025-07-01T14:43:38+00:00\",\"breadcrumb\":{\"@id\":\"https:\/\/www.tracevault.cl\/iso_27001\/#breadcrumb\"},\"inLanguage\":\"en-US\",\"potentialAction\":[{\"@type\":\"ReadAction\",\"target\":[\"https:\/\/www.tracevault.cl\/iso_27001\/\"]}]},{\"@type\":\"BreadcrumbList\",\"@id\":\"https:\/\/www.tracevault.cl\/iso_27001\/#breadcrumb\",\"itemListElement\":[{\"@type\":\"ListItem\",\"position\":1,\"name\":\"Portada\",\"item\":\"https:\/\/www.tracevault.cl\/\"},{\"@type\":\"ListItem\",\"position\":2,\"name\":\"Sistema de gesti\u00f3n de seguridad de la informaci\u00f3n\"}]},{\"@type\":\"WebSite\",\"@id\":\"https:\/\/www.tracevault.cl\/#website\",\"url\":\"https:\/\/www.tracevault.cl\/\",\"name\":\"Tracevault\",\"description\":\"Soluciones simples a problemas complejos\",\"potentialAction\":[{\"@type\":\"SearchAction\",\"target\":{\"@type\":\"EntryPoint\",\"urlTemplate\":\"https:\/\/www.tracevault.cl\/?s={search_term_string}\"},\"query-input\":{\"@type\":\"PropertyValueSpecification\",\"valueRequired\":true,\"valueName\":\"search_term_string\"}}],\"inLanguage\":\"en-US\"}]}<\/script>\n<!-- \/ Yoast SEO plugin. -->","yoast_head_json":{"title":"Sistema de gesti\u00f3n de seguridad de la informaci\u00f3n - Tracevault","robots":{"index":"index","follow":"follow","max-snippet":"max-snippet:-1","max-image-preview":"max-image-preview:large","max-video-preview":"max-video-preview:-1"},"canonical":"https:\/\/www.tracevault.cl\/en\/iso_27001\/","og_locale":"en_US","og_type":"article","og_title":"Sistema de gesti\u00f3n de seguridad de la informaci\u00f3n - Tracevault","og_url":"https:\/\/www.tracevault.cl\/en\/iso_27001\/","og_site_name":"Tracevault","article_modified_time":"2025-07-01T14:43:38+00:00","twitter_card":"summary_large_image","twitter_misc":{"Est. reading time":"5 minutes"},"schema":{"@context":"https:\/\/schema.org","@graph":[{"@type":"WebPage","@id":"https:\/\/www.tracevault.cl\/iso_27001\/","url":"https:\/\/www.tracevault.cl\/iso_27001\/","name":"Sistema de gesti\u00f3n de seguridad de la informaci\u00f3n - Tracevault","isPartOf":{"@id":"https:\/\/www.tracevault.cl\/#website"},"datePublished":"2024-04-09T19:59:03+00:00","dateModified":"2025-07-01T14:43:38+00:00","breadcrumb":{"@id":"https:\/\/www.tracevault.cl\/iso_27001\/#breadcrumb"},"inLanguage":"en-US","potentialAction":[{"@type":"ReadAction","target":["https:\/\/www.tracevault.cl\/iso_27001\/"]}]},{"@type":"BreadcrumbList","@id":"https:\/\/www.tracevault.cl\/iso_27001\/#breadcrumb","itemListElement":[{"@type":"ListItem","position":1,"name":"Portada","item":"https:\/\/www.tracevault.cl\/"},{"@type":"ListItem","position":2,"name":"Sistema de gesti\u00f3n de seguridad de la informaci\u00f3n"}]},{"@type":"WebSite","@id":"https:\/\/www.tracevault.cl\/#website","url":"https:\/\/www.tracevault.cl\/","name":"Tracevault","description":"Soluciones simples a problemas complejos","potentialAction":[{"@type":"SearchAction","target":{"@type":"EntryPoint","urlTemplate":"https:\/\/www.tracevault.cl\/?s={search_term_string}"},"query-input":{"@type":"PropertyValueSpecification","valueRequired":true,"valueName":"search_term_string"}}],"inLanguage":"en-US"}]}},"_links":{"self":[{"href":"https:\/\/www.tracevault.cl\/en\/wp-json\/wp\/v2\/pages\/9740","targetHints":{"allow":["GET"]}}],"collection":[{"href":"https:\/\/www.tracevault.cl\/en\/wp-json\/wp\/v2\/pages"}],"about":[{"href":"https:\/\/www.tracevault.cl\/en\/wp-json\/wp\/v2\/types\/page"}],"author":[{"embeddable":true,"href":"https:\/\/www.tracevault.cl\/en\/wp-json\/wp\/v2\/users\/1"}],"replies":[{"embeddable":true,"href":"https:\/\/www.tracevault.cl\/en\/wp-json\/wp\/v2\/comments?post=9740"}],"version-history":[{"count":0,"href":"https:\/\/www.tracevault.cl\/en\/wp-json\/wp\/v2\/pages\/9740\/revisions"}],"wp:attachment":[{"href":"https:\/\/www.tracevault.cl\/en\/wp-json\/wp\/v2\/media?parent=9740"}],"curies":[{"name":"wp","href":"https:\/\/api.w.org\/{rel}","templated":true}]}}