{"id":789,"date":"2020-08-19T15:42:19","date_gmt":"2020-08-19T15:42:19","guid":{"rendered":"http:\/\/wp.do.magnet.cl\/?page_id=789"},"modified":"2025-05-14T15:58:52","modified_gmt":"2025-05-14T15:58:52","slug":"caso-de-exito-elige-cultura","status":"publish","type":"page","link":"https:\/\/www.tracevault.cl\/en\/nuestros-servicios\/proyectos-en-el-estado\/caso-de-exito-elige-cultura\/","title":{"rendered":"Caso de \u00e9xito &#8211; Elige Cultura"},"content":{"rendered":"<div      class=\"vc_row wpb_row section vc_row-fluid  text-white vc_custom_1747145822178 grid_section\" style=' text-align:left;'><div class=\"section_inner clearfix\"><div class='section_inner_margin clearfix'><div class=\"wpb_column vc_column_container vc_col-sm-12\"><div class=\"vc_column-inner\"><div class=\"wpb_wrapper\"><div      class=\"vc_row wpb_row section vc_row-fluid vc_inner  vc_custom_1747148066010\" style=' text-align:left;'><div class=\"full_section_inner clearfix\"><div class=\"wpb_column vc_column_container vc_col-sm-3\"><div class=\"vc_column-inner\"><div class=\"wpb_wrapper\"><\/div><\/div><\/div><div class=\"wpb_column vc_column_container vc_col-sm-3\"><div class=\"vc_column-inner vc_custom_1747146585852\"><div class=\"wpb_wrapper\">\n\t<div class=\"wpb_single_image wpb_content_element vc_align_center  vc_custom_1747146144303  img-fluid\">\n\t\t<div class=\"wpb_wrapper\">\n\t\t\t\n\t\t\t<div class=\"vc_single_image-wrapper   vc_box_border_grey\"><img decoding=\"async\" width=\"1\" height=\"1\" src=\"https:\/\/www.tracevault.cl\/wp-content\/uploads\/2020\/08\/cultura-artes-color.svg\" class=\"vc_single_image-img attachment-medium\" alt=\"\" \/><\/div>\n\t\t<\/div>\n\t<\/div>\n<\/div><\/div><\/div><div class=\"wpb_column vc_column_container vc_col-sm-3\"><div class=\"vc_column-inner vc_custom_1747146590229\"><div class=\"wpb_wrapper\">\n\t<div class=\"wpb_text_column wpb_content_element  vc_custom_1747233813844\">\n\t\t<div class=\"wpb_wrapper\">\n\t\t\t<h5>Client<\/h5>\n\n\t\t<\/div> \n\t<\/div> \n\t<div class=\"wpb_text_column wpb_content_element  vc_custom_1747233856483\">\n\t\t<div class=\"wpb_wrapper\">\n\t\t\t<h6>Ministry of Cultures, Arts and Heritage<\/h6>\n\n\t\t<\/div> \n\t<\/div> \n\t<div class=\"wpb_text_column wpb_content_element  vc_custom_1747233874051\">\n\t\t<div class=\"wpb_wrapper\">\n\t\t\t<h5>Project<\/h5>\n\n\t\t<\/div> \n\t<\/div> \n\t<div class=\"wpb_text_column wpb_content_element\">\n\t\t<div class=\"wpb_wrapper\">\n\t\t\t<h6><a href=\"https:\/\/eligecultura.gob.cl\/\" target=\"_blank\" rel=\"noopener\">Choose Culture<\/a><\/h6>\n\n\t\t<\/div> \n\t<\/div> <\/div><\/div><\/div><div class=\"wpb_column vc_column_container vc_col-sm-3\"><div class=\"vc_column-inner\"><div class=\"wpb_wrapper\"><\/div><\/div><\/div><\/div><\/div><\/div><\/div><\/div><div class=\"wpb_column vc_column_container vc_col-sm-12\"><div class=\"vc_column-inner vc_custom_1747146635790\"><div class=\"wpb_wrapper\"><div      class=\"vc_row wpb_row section vc_row-fluid vc_inner\" style=' text-align:center;'><div class=\"full_section_inner clearfix\"><div class=\"wpb_column vc_column_container vc_col-sm-2\"><div class=\"vc_column-inner\"><div class=\"wpb_wrapper\"><\/div><\/div><\/div><div class=\"wpb_column vc_column_container vc_col-sm-8\"><div class=\"vc_column-inner\"><div class=\"wpb_wrapper\">\n\t<div class=\"wpb_text_column wpb_content_element\">\n\t\t<div class=\"wpb_wrapper\">\n\t\t\t<p style=\"font-size: 20px; line-height: 30px;\">Magnet develops the <strong><a href=\"https:\/\/eligecultura.gob.cl\/\" target=\"_blank\" rel=\"noopener\">Choose Culture<\/a><\/strong>, una plataforma gubernamental que muestra eventos culturales en todo el pa\u00eds.<\/p>\n\n\t\t<\/div> \n\t<\/div> <\/div><\/div><\/div><div class=\"wpb_column vc_column_container vc_col-sm-2\"><div class=\"vc_column-inner\"><div class=\"wpb_wrapper\"><\/div><\/div><\/div><\/div><\/div><\/div><\/div><\/div><\/div><\/div><\/div><div      class=\"vc_row wpb_row section vc_row-fluid  vc_custom_1747235117692 grid_section\" style=' text-align:left;'><div class=\"section_inner clearfix\"><div class='section_inner_margin clearfix'><div class=\"wpb_column vc_column_container vc_col-sm-12\"><div class=\"vc_column-inner\"><div class=\"wpb_wrapper\"><div      class=\"vc_row wpb_row section vc_row-fluid vc_inner\" style=' text-align:left;'><div class=\"full_section_inner clearfix\"><div class=\"wpb_column vc_column_container vc_col-sm-6\"><div class=\"vc_column-inner vc_custom_1747235531416\"><div class=\"wpb_wrapper\">\n\t<div class=\"wpb_text_column wpb_content_element  text-primary vc_custom_1747235320901\">\n\t\t<div class=\"wpb_wrapper\">\n\t\t\t<h2>Challenge<\/h2>\n\n\t\t<\/div> \n\t<\/div> \n\t<div class=\"wpb_text_column wpb_content_element\">\n\t\t<div class=\"wpb_wrapper\">\n\t\t\t<p>Un mes y medio antes de la inauguraci\u00f3n oficial, el proyecto fue desarrollado por otra empresa, pero hubo inconvenientes y el sitio no cumpli\u00f3 con los requisitos. El desaf\u00edo de Magnet era tomar este proyecto y crear un sitio web funcional, atractivo y estable dentro del plazo.<\/p>\n\n\t\t<\/div> \n\t<\/div> <\/div><\/div><\/div><div class=\"wpb_column vc_column_container vc_col-sm-6\"><div class=\"vc_column-inner\"><div class=\"wpb_wrapper\">\n\t<div class=\"wpb_single_image wpb_content_element vc_align_right\">\n\t\t<div class=\"wpb_wrapper\">\n\t\t\t\n\t\t\t<div class=\"vc_single_image-wrapper   vc_box_border_grey\"><img fetchpriority=\"high\" decoding=\"async\" width=\"344\" height=\"194\" src=\"https:\/\/www.tracevault.cl\/wp-content\/uploads\/2021\/10\/Particles.png\" class=\"vc_single_image-img attachment-full\" alt=\"\" srcset=\"https:\/\/www.tracevault.cl\/wp-content\/uploads\/2021\/10\/Particles.png 344w, https:\/\/www.tracevault.cl\/wp-content\/uploads\/2021\/10\/Particles-300x169.png 300w\" sizes=\"(max-width: 344px) 100vw, 344px\" \/><\/div>\n\t\t<\/div>\n\t<\/div>\n<\/div><\/div><\/div><\/div><\/div><div      class=\"vc_row wpb_row section vc_row-fluid vc_inner  grid_section\" style=' text-align:left;'><div class=\"section_inner clearfix\"><div class='section_inner_margin clearfix'><div class=\"wpb_column vc_column_container vc_col-sm-6\"><div class=\"vc_column-inner\"><div class=\"wpb_wrapper\"><\/div><\/div><\/div><div class=\"wpb_column vc_column_container vc_col-sm-6\"><div class=\"vc_column-inner\"><div class=\"wpb_wrapper\">\n\t<div class=\"wpb_text_column wpb_content_element  text-primary vc_custom_1747235405738\">\n\t\t<div class=\"wpb_wrapper\">\n\t\t\t<h2>Process<\/h2>\n\n\t\t<\/div> \n\t<\/div> \n\t<div class=\"wpb_text_column wpb_content_element\">\n\t\t<div class=\"wpb_wrapper\">\n\t\t\t<p>Los mayores inconvenientes eran que el dise\u00f1o del sitio deb\u00eda ser atractivo para sus usuarios y deb\u00eda desarrollarse en el menor tiempo posible. En un principio se decidi\u00f3 utilizar el <em>marco<\/em> oficial del gobierno pero no cumpl\u00eda con los requisitos de inter\u00e9s. Por ello, se present\u00f3 un nuevo dise\u00f1o, que si bien era muy moderno, su implementaci\u00f3n era compleja y llevar\u00eda m\u00e1s tiempo.<\/p>\n<p>El segundo problema era que ten\u00eda que soportar una gran cantidad de usuarios y organizar los diferentes eventos culturales en cada regi\u00f3n. Para ello se desarroll\u00f3 un <em>Backend<\/em> robusto, capaz de soportar visitas masivas al sitio. Luego, se desarrollaron dos m\u00f3dulos claves, uno que organiza publicaciones de eventos culturales, y otro que permite agregar un recorrido virtual por monumentos nacionales.<\/p>\n<p>Una vez que se lograron los objetivos principales, nos enfocamos en pulir algunas de las funcionalidades del sitio, incluida la mejora y autonom\u00eda del m\u00f3dulo para permitir la gesti\u00f3n del cliente.<\/p>\n\n\t\t<\/div> \n\t<\/div> <\/div><\/div><\/div><\/div><\/div><\/div><\/div><\/div><\/div><\/div><\/div><\/div><div      class=\"vc_row wpb_row section vc_row-fluid  text-white vc_custom_1747237307188 grid_section\" style=' text-align:left;'><div class=\"section_inner clearfix\"><div class='section_inner_margin clearfix'><div class=\"wpb_column vc_column_container vc_col-sm-6\"><div class=\"vc_column-inner\"><div class=\"wpb_wrapper\">\n\t<div class=\"wpb_text_column wpb_content_element  vc_custom_1747237500880\">\n\t\t<div class=\"wpb_wrapper\">\n\t\t\t<h2>Results<\/h2>\n\n\t\t<\/div> \n\t<\/div> \n\t<div class=\"wpb_text_column wpb_content_element  text-white\">\n\t\t<div class=\"wpb_wrapper\">\n\t\t\t<p>El sitio se inaugura en la fecha prevista con un festejo oficial en &#8220;La Moneda&#8221; y se transmite por cadena nacional, mostrando el calendario de eventos culturales de cada regi\u00f3n del pa\u00eds. En su estreno, <a href=\"https:\/\/eligecultura.gob.cl\/\" target=\"_blank\" rel=\"noopener\"><span class=\"notion-enable-hover\" data-token-index=\"1\" data-reactroot=\"\">Choose Culture<\/span><\/a> es funcional y recibe una excelente acogida por parte de los usuarios.<\/p>\n<p>La segunda etapa de trabajo asegura la longevidad y usabilidad del sitio, permitiendo que sea administrado directamente por personal del gobierno.<\/p>\n\n\t\t<\/div> \n\t<\/div> <\/div><\/div><\/div><div class=\"wpb_column vc_column_container vc_col-sm-6\"><div class=\"vc_column-inner\"><div class=\"wpb_wrapper\">\n\t<div class=\"wpb_single_image wpb_content_element vc_align_left   img-fluid\">\n\t\t<div class=\"wpb_wrapper\">\n\t\t\t\n\t\t\t<div class=\"vc_single_image-wrapper   vc_box_border_grey\"><img decoding=\"async\" width=\"1920\" height=\"1106\" src=\"https:\/\/www.tracevault.cl\/wp-content\/uploads\/2025\/05\/Caso-de-e\u0301xito-Elige-Cultura.png\" class=\"vc_single_image-img attachment-full\" alt=\"\" srcset=\"https:\/\/www.tracevault.cl\/wp-content\/uploads\/2025\/05\/Caso-de-e\u0301xito-Elige-Cultura.png 1920w, https:\/\/www.tracevault.cl\/wp-content\/uploads\/2025\/05\/Caso-de-e\u0301xito-Elige-Cultura-300x173.png 300w, https:\/\/www.tracevault.cl\/wp-content\/uploads\/2025\/05\/Caso-de-e\u0301xito-Elige-Cultura-1024x590.png 1024w, https:\/\/www.tracevault.cl\/wp-content\/uploads\/2025\/05\/Caso-de-e\u0301xito-Elige-Cultura-768x442.png 768w, https:\/\/www.tracevault.cl\/wp-content\/uploads\/2025\/05\/Caso-de-e\u0301xito-Elige-Cultura-1536x885.png 1536w, https:\/\/www.tracevault.cl\/wp-content\/uploads\/2025\/05\/Caso-de-e\u0301xito-Elige-Cultura-345x198.png 345w, https:\/\/www.tracevault.cl\/wp-content\/uploads\/2025\/05\/Caso-de-e\u0301xito-Elige-Cultura-700x403.png 700w\" sizes=\"(max-width: 1920px) 100vw, 1920px\" \/><\/div>\n\t\t<\/div>\n\t<\/div>\n<\/div><\/div><\/div><\/div><\/div><\/div><div      class=\"vc_row wpb_row section vc_row-fluid  vc_custom_1747238270939 grid_section\" style=' text-align:center;'><div class=\"section_inner clearfix\"><div class='section_inner_margin clearfix'><div class=\"wpb_column vc_column_container vc_col-sm-3\"><div class=\"vc_column-inner\"><div class=\"wpb_wrapper\"><\/div><\/div><\/div><div class=\"wpb_column vc_column_container vc_col-sm-6\"><div class=\"vc_column-inner\"><div class=\"wpb_wrapper\">\n\t<div class=\"wpb_text_column wpb_content_element  vc_custom_1747237799570\">\n\t\t<div class=\"wpb_wrapper\">\n\t\t\t<h3>Let\u2019s get to work on your project!<\/h3>\n\n\t\t<\/div> \n\t<\/div> <a  itemprop=\"url\" href=\"https:\/\/www.tracevault.cl\/en\/contacto\/\" target=\"_self\"  class=\"qbutton  large center default\" style=\"\">Work with us<\/a><\/div><\/div><\/div><div class=\"wpb_column vc_column_container vc_col-sm-3\"><div class=\"vc_column-inner\"><div class=\"wpb_wrapper\"><\/div><\/div><\/div><\/div><\/div><\/div>","protected":false},"excerpt":{"rendered":"Cliente Ministerio de las Culturas, las Artes y el Patrimonio Proyecto Elige Cultura Magnet desarrolla el sitio web Elige Cultura, una plataforma gubernamental que muestra eventos culturales en todo el pa\u00eds. Desaf\u00edo Un mes y medio antes de la inauguraci\u00f3n oficial, el proyecto fue desarrollado...","protected":false},"author":1,"featured_media":0,"parent":717,"menu_order":0,"comment_status":"closed","ping_status":"closed","template":"full_width.php","meta":{"inline_featured_image":false,"footnotes":""},"class_list":["post-789","page","type-page","status-publish","hentry"],"yoast_head":"<!-- This site is optimized with the Yoast SEO plugin v25.6 - https:\/\/yoast.com\/wordpress\/plugins\/seo\/ -->\n<title>Caso de \u00e9xito - Elige Cultura - Tracevault<\/title>\n<meta name=\"robots\" content=\"index, follow, max-snippet:-1, max-image-preview:large, max-video-preview:-1\" \/>\n<link rel=\"canonical\" href=\"https:\/\/www.tracevault.cl\/en\/nuestros-servicios\/proyectos-en-el-estado\/caso-de-exito-elige-cultura\/\" \/>\n<meta property=\"og:locale\" content=\"en_US\" \/>\n<meta property=\"og:type\" content=\"article\" \/>\n<meta property=\"og:title\" content=\"Caso de \u00e9xito - Elige Cultura - Tracevault\" \/>\n<meta property=\"og:url\" content=\"https:\/\/www.tracevault.cl\/en\/nuestros-servicios\/proyectos-en-el-estado\/caso-de-exito-elige-cultura\/\" \/>\n<meta property=\"og:site_name\" content=\"Tracevault\" \/>\n<meta property=\"article:modified_time\" content=\"2025-05-14T15:58:52+00:00\" \/>\n<meta name=\"twitter:card\" content=\"summary_large_image\" \/>\n<meta name=\"twitter:label1\" content=\"Est. reading time\" \/>\n\t<meta name=\"twitter:data1\" content=\"3 minutes\" \/>\n<script type=\"application\/ld+json\" class=\"yoast-schema-graph\">{\"@context\":\"https:\/\/schema.org\",\"@graph\":[{\"@type\":\"WebPage\",\"@id\":\"https:\/\/www.tracevault.cl\/nuestros-servicios\/proyectos-en-el-estado\/caso-de-exito-elige-cultura\/\",\"url\":\"https:\/\/www.tracevault.cl\/nuestros-servicios\/proyectos-en-el-estado\/caso-de-exito-elige-cultura\/\",\"name\":\"Caso de \u00e9xito - Elige Cultura - Tracevault\",\"isPartOf\":{\"@id\":\"https:\/\/www.tracevault.cl\/#website\"},\"datePublished\":\"2020-08-19T15:42:19+00:00\",\"dateModified\":\"2025-05-14T15:58:52+00:00\",\"breadcrumb\":{\"@id\":\"https:\/\/www.tracevault.cl\/nuestros-servicios\/proyectos-en-el-estado\/caso-de-exito-elige-cultura\/#breadcrumb\"},\"inLanguage\":\"en-US\",\"potentialAction\":[{\"@type\":\"ReadAction\",\"target\":[\"https:\/\/www.tracevault.cl\/nuestros-servicios\/proyectos-en-el-estado\/caso-de-exito-elige-cultura\/\"]}]},{\"@type\":\"BreadcrumbList\",\"@id\":\"https:\/\/www.tracevault.cl\/nuestros-servicios\/proyectos-en-el-estado\/caso-de-exito-elige-cultura\/#breadcrumb\",\"itemListElement\":[{\"@type\":\"ListItem\",\"position\":1,\"name\":\"Portada\",\"item\":\"https:\/\/www.tracevault.cl\/\"},{\"@type\":\"ListItem\",\"position\":2,\"name\":\"Nuestros servicios\",\"item\":\"https:\/\/www.tracevault.cl\/nuestros-servicios\/\"},{\"@type\":\"ListItem\",\"position\":3,\"name\":\"Proyectos en el Estado\",\"item\":\"https:\/\/www.tracevault.cl\/nuestros-servicios\/proyectos-en-el-estado\/\"},{\"@type\":\"ListItem\",\"position\":4,\"name\":\"Caso de \u00e9xito &#8211; Elige Cultura\"}]},{\"@type\":\"WebSite\",\"@id\":\"https:\/\/www.tracevault.cl\/#website\",\"url\":\"https:\/\/www.tracevault.cl\/\",\"name\":\"Tracevault\",\"description\":\"Soluciones simples a problemas complejos\",\"potentialAction\":[{\"@type\":\"SearchAction\",\"target\":{\"@type\":\"EntryPoint\",\"urlTemplate\":\"https:\/\/www.tracevault.cl\/?s={search_term_string}\"},\"query-input\":{\"@type\":\"PropertyValueSpecification\",\"valueRequired\":true,\"valueName\":\"search_term_string\"}}],\"inLanguage\":\"en-US\"}]}<\/script>\n<!-- \/ Yoast SEO plugin. -->","yoast_head_json":{"title":"Caso de \u00e9xito - Elige Cultura - Tracevault","robots":{"index":"index","follow":"follow","max-snippet":"max-snippet:-1","max-image-preview":"max-image-preview:large","max-video-preview":"max-video-preview:-1"},"canonical":"https:\/\/www.tracevault.cl\/en\/nuestros-servicios\/proyectos-en-el-estado\/caso-de-exito-elige-cultura\/","og_locale":"en_US","og_type":"article","og_title":"Caso de \u00e9xito - Elige Cultura - Tracevault","og_url":"https:\/\/www.tracevault.cl\/en\/nuestros-servicios\/proyectos-en-el-estado\/caso-de-exito-elige-cultura\/","og_site_name":"Tracevault","article_modified_time":"2025-05-14T15:58:52+00:00","twitter_card":"summary_large_image","twitter_misc":{"Est. reading time":"3 minutes"},"schema":{"@context":"https:\/\/schema.org","@graph":[{"@type":"WebPage","@id":"https:\/\/www.tracevault.cl\/nuestros-servicios\/proyectos-en-el-estado\/caso-de-exito-elige-cultura\/","url":"https:\/\/www.tracevault.cl\/nuestros-servicios\/proyectos-en-el-estado\/caso-de-exito-elige-cultura\/","name":"Caso de \u00e9xito - Elige Cultura - Tracevault","isPartOf":{"@id":"https:\/\/www.tracevault.cl\/#website"},"datePublished":"2020-08-19T15:42:19+00:00","dateModified":"2025-05-14T15:58:52+00:00","breadcrumb":{"@id":"https:\/\/www.tracevault.cl\/nuestros-servicios\/proyectos-en-el-estado\/caso-de-exito-elige-cultura\/#breadcrumb"},"inLanguage":"en-US","potentialAction":[{"@type":"ReadAction","target":["https:\/\/www.tracevault.cl\/nuestros-servicios\/proyectos-en-el-estado\/caso-de-exito-elige-cultura\/"]}]},{"@type":"BreadcrumbList","@id":"https:\/\/www.tracevault.cl\/nuestros-servicios\/proyectos-en-el-estado\/caso-de-exito-elige-cultura\/#breadcrumb","itemListElement":[{"@type":"ListItem","position":1,"name":"Portada","item":"https:\/\/www.tracevault.cl\/"},{"@type":"ListItem","position":2,"name":"Nuestros servicios","item":"https:\/\/www.tracevault.cl\/nuestros-servicios\/"},{"@type":"ListItem","position":3,"name":"Proyectos en el Estado","item":"https:\/\/www.tracevault.cl\/nuestros-servicios\/proyectos-en-el-estado\/"},{"@type":"ListItem","position":4,"name":"Caso de \u00e9xito &#8211; Elige Cultura"}]},{"@type":"WebSite","@id":"https:\/\/www.tracevault.cl\/#website","url":"https:\/\/www.tracevault.cl\/","name":"Tracevault","description":"Soluciones simples a problemas complejos","potentialAction":[{"@type":"SearchAction","target":{"@type":"EntryPoint","urlTemplate":"https:\/\/www.tracevault.cl\/?s={search_term_string}"},"query-input":{"@type":"PropertyValueSpecification","valueRequired":true,"valueName":"search_term_string"}}],"inLanguage":"en-US"}]}},"_links":{"self":[{"href":"https:\/\/www.tracevault.cl\/en\/wp-json\/wp\/v2\/pages\/789","targetHints":{"allow":["GET"]}}],"collection":[{"href":"https:\/\/www.tracevault.cl\/en\/wp-json\/wp\/v2\/pages"}],"about":[{"href":"https:\/\/www.tracevault.cl\/en\/wp-json\/wp\/v2\/types\/page"}],"author":[{"embeddable":true,"href":"https:\/\/www.tracevault.cl\/en\/wp-json\/wp\/v2\/users\/1"}],"replies":[{"embeddable":true,"href":"https:\/\/www.tracevault.cl\/en\/wp-json\/wp\/v2\/comments?post=789"}],"version-history":[{"count":0,"href":"https:\/\/www.tracevault.cl\/en\/wp-json\/wp\/v2\/pages\/789\/revisions"}],"up":[{"embeddable":true,"href":"https:\/\/www.tracevault.cl\/en\/wp-json\/wp\/v2\/pages\/717"}],"wp:attachment":[{"href":"https:\/\/www.tracevault.cl\/en\/wp-json\/wp\/v2\/media?parent=789"}],"curies":[{"name":"wp","href":"https:\/\/api.w.org\/{rel}","templated":true}]}}