{"id":4981,"date":"2022-05-16T03:43:19","date_gmt":"2022-05-16T03:43:19","guid":{"rendered":"https:\/\/tracevault.cl\/?page_id=4981"},"modified":"2025-05-14T15:58:35","modified_gmt":"2025-05-14T15:58:35","slug":"caso-de-exito-registro-nacional-de-extranjeros","status":"publish","type":"page","link":"https:\/\/www.tracevault.cl\/en\/nuestros-servicios\/proyectos-en-el-estado\/caso-de-exito-registro-nacional-de-extranjeros\/","title":{"rendered":"Caso de \u00e9xito &#8211; Registro Nacional de Extranjeros"},"content":{"rendered":"<div      class=\"vc_row wpb_row section vc_row-fluid  text-white vc_custom_1747145802928 grid_section\" style=' text-align:left;'><div class=\"section_inner clearfix\"><div class='section_inner_margin clearfix'><div class=\"wpb_column vc_column_container vc_col-sm-12\"><div class=\"vc_column-inner\"><div class=\"wpb_wrapper\"><div      class=\"vc_row wpb_row section vc_row-fluid vc_inner  vc_custom_1747148031554\" style=' text-align:left;'><div class=\"full_section_inner clearfix\"><div class=\"wpb_column vc_column_container vc_col-sm-3\"><div class=\"vc_column-inner\"><div class=\"wpb_wrapper\"><\/div><\/div><\/div><div class=\"wpb_column vc_column_container vc_col-sm-3\"><div class=\"vc_column-inner vc_custom_1747146573464\"><div class=\"wpb_wrapper\">\n\t<div class=\"wpb_single_image wpb_content_element vc_align_center  vc_custom_1747146105936  img-fluid\">\n\t\t<div class=\"wpb_wrapper\">\n\t\t\t\n\t\t\t<div class=\"vc_single_image-wrapper   vc_box_border_grey\"><img fetchpriority=\"high\" decoding=\"async\" width=\"300\" height=\"300\" src=\"https:\/\/www.tracevault.cl\/wp-content\/uploads\/2022\/08\/ClienteMinisterio-del-Interior-y-Seguridad-Pu\u0301blica-TipoCuadrado-ColorColor-300x300.png\" class=\"vc_single_image-img attachment-medium\" alt=\"\" srcset=\"https:\/\/www.tracevault.cl\/wp-content\/uploads\/2022\/08\/ClienteMinisterio-del-Interior-y-Seguridad-Pu\u0301blica-TipoCuadrado-ColorColor-300x300.png 300w, https:\/\/www.tracevault.cl\/wp-content\/uploads\/2022\/08\/ClienteMinisterio-del-Interior-y-Seguridad-Pu\u0301blica-TipoCuadrado-ColorColor-150x150.png 150w, https:\/\/www.tracevault.cl\/wp-content\/uploads\/2022\/08\/ClienteMinisterio-del-Interior-y-Seguridad-Pu\u0301blica-TipoCuadrado-ColorColor-570x570.png 570w, https:\/\/www.tracevault.cl\/wp-content\/uploads\/2022\/08\/ClienteMinisterio-del-Interior-y-Seguridad-Pu\u0301blica-TipoCuadrado-ColorColor-500x500.png 500w, https:\/\/www.tracevault.cl\/wp-content\/uploads\/2022\/08\/ClienteMinisterio-del-Interior-y-Seguridad-Pu\u0301blica-TipoCuadrado-ColorColor.png 636w\" sizes=\"(max-width: 300px) 100vw, 300px\" \/><\/div>\n\t\t<\/div>\n\t<\/div>\n<\/div><\/div><\/div><div class=\"wpb_column vc_column_container vc_col-sm-3\"><div class=\"vc_column-inner vc_custom_1747146580390\"><div class=\"wpb_wrapper\">\n\t<div class=\"wpb_text_column wpb_content_element  vc_custom_1747233685949\">\n\t\t<div class=\"wpb_wrapper\">\n\t\t\t<h5>Client<\/h5>\n\n\t\t<\/div> \n\t<\/div> \n\t<div class=\"wpb_text_column wpb_content_element  vc_custom_1747233706737\">\n\t\t<div class=\"wpb_wrapper\">\n\t\t\t<h6>Departamento de Extranjer\u00eda y Migraci\u00f3n<\/h6>\n\n\t\t<\/div> \n\t<\/div> \n\t<div class=\"wpb_text_column wpb_content_element  vc_custom_1747233731628\">\n\t\t<div class=\"wpb_wrapper\">\n\t\t\t<h5>Project<\/h5>\n\n\t\t<\/div> \n\t<\/div> \n\t<div class=\"wpb_text_column wpb_content_element\">\n\t\t<div class=\"wpb_wrapper\">\n\t\t\t<h6>RNE<\/h6>\n\n\t\t<\/div> \n\t<\/div> <\/div><\/div><\/div><div class=\"wpb_column vc_column_container vc_col-sm-3\"><div class=\"vc_column-inner\"><div class=\"wpb_wrapper\"><\/div><\/div><\/div><\/div><\/div><\/div><\/div><\/div><div class=\"wpb_column vc_column_container vc_col-sm-12\"><div class=\"vc_column-inner vc_custom_1747146630580\"><div class=\"wpb_wrapper\"><div      class=\"vc_row wpb_row section vc_row-fluid vc_inner\" style=' text-align:center;'><div class=\"full_section_inner clearfix\"><div class=\"wpb_column vc_column_container vc_col-sm-2\"><div class=\"vc_column-inner\"><div class=\"wpb_wrapper\"><\/div><\/div><\/div><div class=\"wpb_column vc_column_container vc_col-sm-8\"><div class=\"vc_column-inner\"><div class=\"wpb_wrapper\">\n\t<div class=\"wpb_text_column wpb_content_element\">\n\t\t<div class=\"wpb_wrapper\">\n\t\t\t<p style=\"font-size: 20px; line-height: 30px;\">El Departamento de Migraci\u00f3n Chile a trav\u00e9s de la Organizaci\u00f3n Internacional para las Migraciones estaba trabajando con un software muy antiguo para recibir y procesar extranjeros. Este sistema fue construido con tecnolog\u00eda obsoleta que no permit\u00eda la actualizaci\u00f3n de nuevas funcionalidades, lo que provoc\u00f3 un colapso del sistema debido a la crisis migratoria.<\/p>\n\n\t\t<\/div> \n\t<\/div> <\/div><\/div><\/div><div class=\"wpb_column vc_column_container vc_col-sm-2\"><div class=\"vc_column-inner\"><div class=\"wpb_wrapper\"><\/div><\/div><\/div><\/div><\/div><\/div><\/div><\/div><\/div><\/div><\/div><div      class=\"vc_row wpb_row section vc_row-fluid  vc_custom_1747235113070 grid_section\" style=' text-align:left;'><div class=\"section_inner clearfix\"><div class='section_inner_margin clearfix'><div class=\"wpb_column vc_column_container vc_col-sm-12\"><div class=\"vc_column-inner\"><div class=\"wpb_wrapper\"><div      class=\"vc_row wpb_row section vc_row-fluid vc_inner\" style=' text-align:left;'><div class=\"full_section_inner clearfix\"><div class=\"wpb_column vc_column_container vc_col-sm-6\"><div class=\"vc_column-inner vc_custom_1747235525437\"><div class=\"wpb_wrapper\">\n\t<div class=\"wpb_text_column wpb_content_element  text-primary vc_custom_1747235306766\">\n\t\t<div class=\"wpb_wrapper\">\n\t\t\t<h2>Challenge<\/h2>\n\n\t\t<\/div> \n\t<\/div> \n\t<div class=\"wpb_text_column wpb_content_element\">\n\t\t<div class=\"wpb_wrapper\">\n\t\t\t<p>El principal desaf\u00edo fue unificar las dos fuentes de informaci\u00f3n sobre las que trabajaba el cliente (SIMPLE y B3000), ambos software antiguo con sistemas grandes y muy complejos.<\/p>\n<p>Por otro lado, se desarroll\u00f3 un m\u00f3dulo de consultas en paralelo, con el funcionamiento de los antiguos sistemas, lo que generaba un problema mayor teniendo en cuenta que constantemente se cargaba nueva documentaci\u00f3n.<\/p>\n\n\t\t<\/div> \n\t<\/div> <\/div><\/div><\/div><div class=\"wpb_column vc_column_container vc_col-sm-6\"><div class=\"vc_column-inner\"><div class=\"wpb_wrapper\">\n\t<div class=\"wpb_single_image wpb_content_element vc_align_right\">\n\t\t<div class=\"wpb_wrapper\">\n\t\t\t\n\t\t\t<div class=\"vc_single_image-wrapper   vc_box_border_grey\"><img decoding=\"async\" width=\"344\" height=\"194\" src=\"https:\/\/www.tracevault.cl\/wp-content\/uploads\/2021\/10\/Particles.png\" class=\"vc_single_image-img attachment-full\" alt=\"\" srcset=\"https:\/\/www.tracevault.cl\/wp-content\/uploads\/2021\/10\/Particles.png 344w, https:\/\/www.tracevault.cl\/wp-content\/uploads\/2021\/10\/Particles-300x169.png 300w\" sizes=\"(max-width: 344px) 100vw, 344px\" \/><\/div>\n\t\t<\/div>\n\t<\/div>\n<\/div><\/div><\/div><\/div><\/div><div      class=\"vc_row wpb_row section vc_row-fluid vc_inner  grid_section\" style=' text-align:left;'><div class=\"section_inner clearfix\"><div class='section_inner_margin clearfix'><div class=\"wpb_column vc_column_container vc_col-sm-6\"><div class=\"vc_column-inner\"><div class=\"wpb_wrapper\"><\/div><\/div><\/div><div class=\"wpb_column vc_column_container vc_col-sm-6\"><div class=\"vc_column-inner\"><div class=\"wpb_wrapper\">\n\t<div class=\"wpb_text_column wpb_content_element  text-primary vc_custom_1747235390217\">\n\t\t<div class=\"wpb_wrapper\">\n\t\t\t<h2>Process<\/h2>\n\n\t\t<\/div> \n\t<\/div> \n\t<div class=\"wpb_text_column wpb_content_element\">\n\t\t<div class=\"wpb_wrapper\">\n\t\t\t<p>Este proyecto se inici\u00f3 a trav\u00e9s de un proceso de licitaci\u00f3n cerrado, donde nos adjudicaron dos etapas, que consistieron en la creaci\u00f3n y mejora del m\u00f3dulo de consulta.<\/p>\n<p>Una vez recogidos los requisitos del proyecto, se dise\u00f1\u00f3 una soluci\u00f3n con las vistas necesarias. Luego iniciamos el desarrollo de funcionalidades bajo la metodolog\u00eda Scrum, permitiendo al cliente probar las funcionalidades y corregir posibles bugs.<\/p>\n\n\t\t<\/div> \n\t<\/div> <\/div><\/div><\/div><\/div><\/div><\/div><\/div><\/div><\/div><\/div><\/div><\/div><div      class=\"vc_row wpb_row section vc_row-fluid  text-white vc_custom_1747237288580 grid_section\" style=' text-align:left;'><div class=\"section_inner clearfix\"><div class='section_inner_margin clearfix'><div class=\"wpb_column vc_column_container vc_col-sm-6\"><div class=\"vc_column-inner\"><div class=\"wpb_wrapper\">\n\t<div class=\"wpb_text_column wpb_content_element  vc_custom_1747237357625\">\n\t\t<div class=\"wpb_wrapper\">\n\t\t\t<h2>Results<\/h2>\n\n\t\t<\/div> \n\t<\/div> \n\t<div class=\"wpb_text_column wpb_content_element  text-white\">\n\t\t<div class=\"wpb_wrapper\">\n\t\t\t<p>La plataforma desarrollada rescata informaci\u00f3n tanto de aplicaciones B3000 como SIMPLE, optimizando el trabajo del personal de inmigraci\u00f3n. El valor generado en este proyecto empez\u00f3 a hacerse visible, ya que muchos oficiales prescindieron de las viejas tecnolog\u00edas. Tambi\u00e9n es una plataforma m\u00e1s intuitiva, que optimiza la gesti\u00f3n del personal. Finalmente, esta soluci\u00f3n permite a los extranjeros realizar sus tr\u00e1mites en l\u00ednea de forma m\u00e1s r\u00e1pida y sencilla.<\/p>\n\n\t\t<\/div> \n\t<\/div> <\/div><\/div><\/div><div class=\"wpb_column vc_column_container vc_col-sm-6\"><div class=\"vc_column-inner\"><div class=\"wpb_wrapper\">\n\t<div class=\"wpb_single_image wpb_content_element vc_align_left   img-fluid\">\n\t\t<div class=\"wpb_wrapper\">\n\t\t\t\n\t\t\t<div class=\"vc_single_image-wrapper   vc_box_border_grey\"><img decoding=\"async\" width=\"1920\" height=\"1106\" src=\"https:\/\/www.tracevault.cl\/wp-content\/uploads\/2025\/05\/Caso-de-e\u0301xito-RNE.png\" class=\"vc_single_image-img attachment-full\" alt=\"\" srcset=\"https:\/\/www.tracevault.cl\/wp-content\/uploads\/2025\/05\/Caso-de-e\u0301xito-RNE.png 1920w, https:\/\/www.tracevault.cl\/wp-content\/uploads\/2025\/05\/Caso-de-e\u0301xito-RNE-300x173.png 300w, https:\/\/www.tracevault.cl\/wp-content\/uploads\/2025\/05\/Caso-de-e\u0301xito-RNE-1024x590.png 1024w, https:\/\/www.tracevault.cl\/wp-content\/uploads\/2025\/05\/Caso-de-e\u0301xito-RNE-768x442.png 768w, https:\/\/www.tracevault.cl\/wp-content\/uploads\/2025\/05\/Caso-de-e\u0301xito-RNE-1536x885.png 1536w, https:\/\/www.tracevault.cl\/wp-content\/uploads\/2025\/05\/Caso-de-e\u0301xito-RNE-345x198.png 345w, https:\/\/www.tracevault.cl\/wp-content\/uploads\/2025\/05\/Caso-de-e\u0301xito-RNE-700x403.png 700w\" sizes=\"(max-width: 1920px) 100vw, 1920px\" \/><\/div>\n\t\t<\/div>\n\t<\/div>\n<\/div><\/div><\/div><\/div><\/div><\/div><div      class=\"vc_row wpb_row section vc_row-fluid  vc_custom_1747238264963 grid_section\" style=' text-align:center;'><div class=\"section_inner clearfix\"><div class='section_inner_margin clearfix'><div class=\"wpb_column vc_column_container vc_col-sm-3\"><div class=\"vc_column-inner\"><div class=\"wpb_wrapper\"><\/div><\/div><\/div><div class=\"wpb_column vc_column_container vc_col-sm-6\"><div class=\"vc_column-inner\"><div class=\"wpb_wrapper\">\n\t<div class=\"wpb_text_column wpb_content_element  vc_custom_1747237787857\">\n\t\t<div class=\"wpb_wrapper\">\n\t\t\t<h3>Let\u2019s get to work on your project!<\/h3>\n\n\t\t<\/div> \n\t<\/div> <a  itemprop=\"url\" href=\"https:\/\/www.tracevault.cl\/en\/contacto\/\" target=\"_self\"  class=\"qbutton  large center default\" style=\"\">Work with us<\/a><\/div><\/div><\/div><div class=\"wpb_column vc_column_container vc_col-sm-3\"><div class=\"vc_column-inner\"><div class=\"wpb_wrapper\"><\/div><\/div><\/div><\/div><\/div><\/div>","protected":false},"excerpt":{"rendered":"Cliente Departamento de Extranjer\u00eda y Migraci\u00f3n Proyecto RNE El Departamento de Migraci\u00f3n Chile a trav\u00e9s de la Organizaci\u00f3n Internacional para las Migraciones estaba trabajando con un software muy antiguo para recibir y procesar extranjeros. Este sistema fue construido con tecnolog\u00eda obsoleta que no permit\u00eda la...","protected":false},"author":1,"featured_media":0,"parent":717,"menu_order":0,"comment_status":"closed","ping_status":"closed","template":"full_width.php","meta":{"inline_featured_image":false,"footnotes":""},"class_list":["post-4981","page","type-page","status-publish","hentry"],"yoast_head":"<!-- This site is optimized with the Yoast SEO plugin v25.6 - https:\/\/yoast.com\/wordpress\/plugins\/seo\/ -->\n<title>Caso de \u00e9xito - Registro Nacional de Extranjeros - Tracevault<\/title>\n<meta name=\"robots\" content=\"index, follow, max-snippet:-1, max-image-preview:large, max-video-preview:-1\" \/>\n<link rel=\"canonical\" href=\"https:\/\/www.tracevault.cl\/en\/nuestros-servicios\/proyectos-en-el-estado\/caso-de-exito-registro-nacional-de-extranjeros\/\" \/>\n<meta property=\"og:locale\" content=\"en_US\" \/>\n<meta property=\"og:type\" content=\"article\" \/>\n<meta property=\"og:title\" content=\"Caso de \u00e9xito - Registro Nacional de Extranjeros - Tracevault\" \/>\n<meta property=\"og:url\" content=\"https:\/\/www.tracevault.cl\/en\/nuestros-servicios\/proyectos-en-el-estado\/caso-de-exito-registro-nacional-de-extranjeros\/\" \/>\n<meta property=\"og:site_name\" content=\"Tracevault\" \/>\n<meta property=\"article:modified_time\" content=\"2025-05-14T15:58:35+00:00\" \/>\n<meta name=\"twitter:card\" content=\"summary_large_image\" \/>\n<meta name=\"twitter:label1\" content=\"Est. reading time\" \/>\n\t<meta name=\"twitter:data1\" content=\"3 minutes\" \/>\n<script type=\"application\/ld+json\" class=\"yoast-schema-graph\">{\"@context\":\"https:\/\/schema.org\",\"@graph\":[{\"@type\":\"WebPage\",\"@id\":\"https:\/\/www.tracevault.cl\/nuestros-servicios\/proyectos-en-el-estado\/caso-de-exito-registro-nacional-de-extranjeros\/\",\"url\":\"https:\/\/www.tracevault.cl\/nuestros-servicios\/proyectos-en-el-estado\/caso-de-exito-registro-nacional-de-extranjeros\/\",\"name\":\"Caso de \u00e9xito - Registro Nacional de Extranjeros - Tracevault\",\"isPartOf\":{\"@id\":\"https:\/\/www.tracevault.cl\/#website\"},\"datePublished\":\"2022-05-16T03:43:19+00:00\",\"dateModified\":\"2025-05-14T15:58:35+00:00\",\"breadcrumb\":{\"@id\":\"https:\/\/www.tracevault.cl\/nuestros-servicios\/proyectos-en-el-estado\/caso-de-exito-registro-nacional-de-extranjeros\/#breadcrumb\"},\"inLanguage\":\"en-US\",\"potentialAction\":[{\"@type\":\"ReadAction\",\"target\":[\"https:\/\/www.tracevault.cl\/nuestros-servicios\/proyectos-en-el-estado\/caso-de-exito-registro-nacional-de-extranjeros\/\"]}]},{\"@type\":\"BreadcrumbList\",\"@id\":\"https:\/\/www.tracevault.cl\/nuestros-servicios\/proyectos-en-el-estado\/caso-de-exito-registro-nacional-de-extranjeros\/#breadcrumb\",\"itemListElement\":[{\"@type\":\"ListItem\",\"position\":1,\"name\":\"Portada\",\"item\":\"https:\/\/www.tracevault.cl\/\"},{\"@type\":\"ListItem\",\"position\":2,\"name\":\"Nuestros servicios\",\"item\":\"https:\/\/www.tracevault.cl\/nuestros-servicios\/\"},{\"@type\":\"ListItem\",\"position\":3,\"name\":\"Proyectos en el Estado\",\"item\":\"https:\/\/www.tracevault.cl\/nuestros-servicios\/proyectos-en-el-estado\/\"},{\"@type\":\"ListItem\",\"position\":4,\"name\":\"Caso de \u00e9xito &#8211; Registro Nacional de Extranjeros\"}]},{\"@type\":\"WebSite\",\"@id\":\"https:\/\/www.tracevault.cl\/#website\",\"url\":\"https:\/\/www.tracevault.cl\/\",\"name\":\"Tracevault\",\"description\":\"Soluciones simples a problemas complejos\",\"potentialAction\":[{\"@type\":\"SearchAction\",\"target\":{\"@type\":\"EntryPoint\",\"urlTemplate\":\"https:\/\/www.tracevault.cl\/?s={search_term_string}\"},\"query-input\":{\"@type\":\"PropertyValueSpecification\",\"valueRequired\":true,\"valueName\":\"search_term_string\"}}],\"inLanguage\":\"en-US\"}]}<\/script>\n<!-- \/ Yoast SEO plugin. -->","yoast_head_json":{"title":"Caso de \u00e9xito - Registro Nacional de Extranjeros - Tracevault","robots":{"index":"index","follow":"follow","max-snippet":"max-snippet:-1","max-image-preview":"max-image-preview:large","max-video-preview":"max-video-preview:-1"},"canonical":"https:\/\/www.tracevault.cl\/en\/nuestros-servicios\/proyectos-en-el-estado\/caso-de-exito-registro-nacional-de-extranjeros\/","og_locale":"en_US","og_type":"article","og_title":"Caso de \u00e9xito - Registro Nacional de Extranjeros - Tracevault","og_url":"https:\/\/www.tracevault.cl\/en\/nuestros-servicios\/proyectos-en-el-estado\/caso-de-exito-registro-nacional-de-extranjeros\/","og_site_name":"Tracevault","article_modified_time":"2025-05-14T15:58:35+00:00","twitter_card":"summary_large_image","twitter_misc":{"Est. reading time":"3 minutes"},"schema":{"@context":"https:\/\/schema.org","@graph":[{"@type":"WebPage","@id":"https:\/\/www.tracevault.cl\/nuestros-servicios\/proyectos-en-el-estado\/caso-de-exito-registro-nacional-de-extranjeros\/","url":"https:\/\/www.tracevault.cl\/nuestros-servicios\/proyectos-en-el-estado\/caso-de-exito-registro-nacional-de-extranjeros\/","name":"Caso de \u00e9xito - Registro Nacional de Extranjeros - Tracevault","isPartOf":{"@id":"https:\/\/www.tracevault.cl\/#website"},"datePublished":"2022-05-16T03:43:19+00:00","dateModified":"2025-05-14T15:58:35+00:00","breadcrumb":{"@id":"https:\/\/www.tracevault.cl\/nuestros-servicios\/proyectos-en-el-estado\/caso-de-exito-registro-nacional-de-extranjeros\/#breadcrumb"},"inLanguage":"en-US","potentialAction":[{"@type":"ReadAction","target":["https:\/\/www.tracevault.cl\/nuestros-servicios\/proyectos-en-el-estado\/caso-de-exito-registro-nacional-de-extranjeros\/"]}]},{"@type":"BreadcrumbList","@id":"https:\/\/www.tracevault.cl\/nuestros-servicios\/proyectos-en-el-estado\/caso-de-exito-registro-nacional-de-extranjeros\/#breadcrumb","itemListElement":[{"@type":"ListItem","position":1,"name":"Portada","item":"https:\/\/www.tracevault.cl\/"},{"@type":"ListItem","position":2,"name":"Nuestros servicios","item":"https:\/\/www.tracevault.cl\/nuestros-servicios\/"},{"@type":"ListItem","position":3,"name":"Proyectos en el Estado","item":"https:\/\/www.tracevault.cl\/nuestros-servicios\/proyectos-en-el-estado\/"},{"@type":"ListItem","position":4,"name":"Caso de \u00e9xito &#8211; Registro Nacional de Extranjeros"}]},{"@type":"WebSite","@id":"https:\/\/www.tracevault.cl\/#website","url":"https:\/\/www.tracevault.cl\/","name":"Tracevault","description":"Soluciones simples a problemas complejos","potentialAction":[{"@type":"SearchAction","target":{"@type":"EntryPoint","urlTemplate":"https:\/\/www.tracevault.cl\/?s={search_term_string}"},"query-input":{"@type":"PropertyValueSpecification","valueRequired":true,"valueName":"search_term_string"}}],"inLanguage":"en-US"}]}},"_links":{"self":[{"href":"https:\/\/www.tracevault.cl\/en\/wp-json\/wp\/v2\/pages\/4981","targetHints":{"allow":["GET"]}}],"collection":[{"href":"https:\/\/www.tracevault.cl\/en\/wp-json\/wp\/v2\/pages"}],"about":[{"href":"https:\/\/www.tracevault.cl\/en\/wp-json\/wp\/v2\/types\/page"}],"author":[{"embeddable":true,"href":"https:\/\/www.tracevault.cl\/en\/wp-json\/wp\/v2\/users\/1"}],"replies":[{"embeddable":true,"href":"https:\/\/www.tracevault.cl\/en\/wp-json\/wp\/v2\/comments?post=4981"}],"version-history":[{"count":0,"href":"https:\/\/www.tracevault.cl\/en\/wp-json\/wp\/v2\/pages\/4981\/revisions"}],"up":[{"embeddable":true,"href":"https:\/\/www.tracevault.cl\/en\/wp-json\/wp\/v2\/pages\/717"}],"wp:attachment":[{"href":"https:\/\/www.tracevault.cl\/en\/wp-json\/wp\/v2\/media?parent=4981"}],"curies":[{"name":"wp","href":"https:\/\/api.w.org\/{rel}","templated":true}]}}