{"id":2449,"date":"2021-11-08T23:45:48","date_gmt":"2021-11-08T23:45:48","guid":{"rendered":"https:\/\/tracevault.cl\/?page_id=2449"},"modified":"2025-05-09T17:20:51","modified_gmt":"2025-05-09T17:20:51","slug":"caso-de-exito-entel","status":"publish","type":"page","link":"https:\/\/www.tracevault.cl\/en\/nuestros-servicios\/transformacion-digital\/caso-de-exito-entel\/","title":{"rendered":"Caso de \u00e9xito &#8211; Entel"},"content":{"rendered":"<div      class=\"vc_row wpb_row section vc_row-fluid  text-white vc_custom_1746809029815 grid_section\" style=' text-align:left;'><div class=\"section_inner clearfix\"><div class='section_inner_margin clearfix'><div class=\"wpb_column vc_column_container vc_col-sm-12\"><div class=\"vc_column-inner\"><div class=\"wpb_wrapper\"><div      class=\"vc_row wpb_row section vc_row-fluid vc_inner  vc_custom_1746809256235\" style=' text-align:left;'><div class=\"full_section_inner clearfix\"><div class=\"wpb_column vc_column_container vc_col-sm-3\"><div class=\"vc_column-inner\"><div class=\"wpb_wrapper\"><\/div><\/div><\/div><div class=\"wpb_column vc_column_container vc_col-sm-3\"><div class=\"vc_column-inner vc_custom_1746808889858\"><div class=\"wpb_wrapper\">\n\t<div class=\"wpb_single_image wpb_content_element vc_align_center  vc_custom_1746808931115  img-fluid\">\n\t\t<div class=\"wpb_wrapper\">\n\t\t\t\n\t\t\t<div class=\"vc_single_image-wrapper   vc_box_border_grey\"><img decoding=\"async\" width=\"1\" height=\"1\" src=\"https:\/\/www.tracevault.cl\/wp-content\/uploads\/2021\/11\/Entel-1.svg\" class=\"vc_single_image-img attachment-medium\" alt=\"\" \/><\/div>\n\t\t<\/div>\n\t<\/div>\n<\/div><\/div><\/div><div class=\"wpb_column vc_column_container vc_col-sm-3\"><div class=\"vc_column-inner vc_custom_1746809087055\"><div class=\"wpb_wrapper\">\n\t<div class=\"wpb_text_column wpb_content_element  vc_custom_1746809556236\">\n\t\t<div class=\"wpb_wrapper\">\n\t\t\t<h5>Client<\/h5>\n\n\t\t<\/div> \n\t<\/div> \n\t<div class=\"wpb_text_column wpb_content_element  vc_custom_1746809573329\">\n\t\t<div class=\"wpb_wrapper\">\n\t\t\t<h6>Entel\u00b4s<\/h6>\n\n\t\t<\/div> \n\t<\/div> \n\t<div class=\"wpb_text_column wpb_content_element  vc_custom_1746809564528\">\n\t\t<div class=\"wpb_wrapper\">\n\t\t\t<h5>Project<\/h5>\n\n\t\t<\/div> \n\t<\/div> \n\t<div class=\"wpb_text_column wpb_content_element\">\n\t\t<div class=\"wpb_wrapper\">\n\t\t\t<h6>Plataforma de Car Sharing<\/h6>\n\n\t\t<\/div> \n\t<\/div> <\/div><\/div><\/div><div class=\"wpb_column vc_column_container vc_col-sm-3\"><div class=\"vc_column-inner\"><div class=\"wpb_wrapper\"><\/div><\/div><\/div><\/div><\/div><\/div><\/div><\/div><div class=\"wpb_column vc_column_container vc_col-sm-12\"><div class=\"vc_column-inner vc_custom_1746810021788\"><div class=\"wpb_wrapper\"><div      class=\"vc_row wpb_row section vc_row-fluid vc_inner  grid_section\" style=' text-align:center;'><div class=\"section_inner clearfix\"><div class='section_inner_margin clearfix'><div class=\"wpb_column vc_column_container vc_col-sm-2\"><div class=\"vc_column-inner\"><div class=\"wpb_wrapper\"><\/div><\/div><\/div><div class=\"wpb_column vc_column_container vc_col-sm-8\"><div class=\"vc_column-inner\"><div class=\"wpb_wrapper\">\n\t<div class=\"wpb_text_column wpb_content_element\">\n\t\t<div class=\"wpb_wrapper\">\n\t\t\t<p style=\"font-size: 20px; line-height: 30px;\">We developed an application for Entel using the \"carpooling\" concept that allows sharing rides within the company.<\/p>\n\n\t\t<\/div> \n\t<\/div> <\/div><\/div><\/div><div class=\"wpb_column vc_column_container vc_col-sm-2\"><div class=\"vc_column-inner\"><div class=\"wpb_wrapper\"><\/div><\/div><\/div><\/div><\/div><\/div><\/div><\/div><\/div><\/div><\/div><\/div><div      class=\"vc_row wpb_row section vc_row-fluid  vc_custom_1597856718324 grid_section\" style=' text-align:left;'><div class=\"section_inner clearfix\"><div class='section_inner_margin clearfix'><div class=\"wpb_column vc_column_container vc_col-sm-12\"><div class=\"vc_column-inner\"><div class=\"wpb_wrapper\"><div      class=\"vc_row wpb_row section vc_row-fluid vc_inner\" style=' text-align:left;'><div class=\"full_section_inner clearfix\"><div class=\"wpb_column vc_column_container vc_col-sm-6\"><div class=\"vc_column-inner vc_custom_1597860861153\"><div class=\"wpb_wrapper\">\n\t<div class=\"wpb_text_column wpb_content_element\">\n\t\t<div class=\"wpb_wrapper\">\n\t\t\t<h2 class=\"text-primary\" style=\"padding-bottom: 28px;\">Challenge<\/h2>\n<p>One of <strong>Entel\u00b4s<\/strong> customers is having problems managing its fleet of vehicles. In addition, their customers are facing a lot of duplicate trips. The challenge of this project is to develop an <em>app<\/em> that fits the client's needs and also integrates with <em>Google Map<\/em> and <em>Tattersall<\/em>.<\/p>\n\n\t\t<\/div> \n\t<\/div> <\/div><\/div><\/div><div class=\"wpb_column vc_column_container vc_col-sm-6\"><div class=\"vc_column-inner\"><div class=\"wpb_wrapper\">\n\t<div class=\"wpb_single_image wpb_content_element vc_align_center\">\n\t\t<div class=\"wpb_wrapper\">\n\t\t\t\n\t\t\t<div class=\"vc_single_image-wrapper   vc_box_border_grey\"><img fetchpriority=\"high\" decoding=\"async\" width=\"344\" height=\"194\" src=\"https:\/\/www.tracevault.cl\/wp-content\/uploads\/2021\/10\/Particles.png\" class=\"vc_single_image-img attachment-full\" alt=\"\" srcset=\"https:\/\/www.tracevault.cl\/wp-content\/uploads\/2021\/10\/Particles.png 344w, https:\/\/www.tracevault.cl\/wp-content\/uploads\/2021\/10\/Particles-300x169.png 300w\" sizes=\"(max-width: 344px) 100vw, 344px\" \/><\/div>\n\t\t<\/div>\n\t<\/div>\n<\/div><\/div><\/div><\/div><\/div><div      class=\"vc_row wpb_row section vc_row-fluid vc_inner  vc_custom_1635892231634 grid_section\" style=' text-align:left;'><div class=\"section_inner clearfix\"><div class='section_inner_margin clearfix'><div class=\"wpb_column vc_column_container vc_col-sm-6 vc_hidden-sm vc_hidden-xs\"><div class=\"vc_column-inner\"><div class=\"wpb_wrapper\">\n\t<div class=\"wpb_single_image wpb_content_element vc_align_center\">\n\t\t<div class=\"wpb_wrapper\">\n\t\t\t\n\t\t\t<div class=\"vc_single_image-wrapper   vc_box_border_grey\"><img decoding=\"async\" width=\"1\" height=\"1\" src=\"https:\/\/www.tracevault.cl\/wp-content\/uploads\/2021\/11\/Group-298.svg\" class=\"vc_single_image-img attachment-full\" alt=\"\" \/><\/div>\n\t\t<\/div>\n\t<\/div>\n<\/div><\/div><\/div><div class=\"wpb_column vc_column_container vc_col-sm-6\"><div class=\"vc_column-inner\"><div class=\"wpb_wrapper\">\n\t<div class=\"wpb_text_column wpb_content_element\">\n\t\t<div class=\"wpb_wrapper\">\n\t\t\t<h2 class=\"text-primary\" style=\"padding-bottom: 28px;\">Process<\/h2>\n<p>Magnet starts working on the app\u00b4s development according to <strong>Entel\u00b4s<\/strong>requests, ensuring that it offers the possibility to create new trips or join one already created to share it with other users.\nIn order for the cars to be easily located, Google Maps services are integrated into the developed Car Sharing app.<\/p>\n<p>Finally, the client requested the addition to the platform of the functionality of requiring more cars in cases of high demand, so we integrated the services of <em>Tattersall<\/em> (car rental services) were integrated into the project.<\/p>\n\n\t\t<\/div> \n\t<\/div> <\/div><\/div><\/div><\/div><\/div><\/div><div      class=\"vc_row wpb_row section vc_row-fluid vc_inner\" style=' text-align:left;'><div class=\"full_section_inner clearfix\"><div class=\"wpb_column vc_column_container vc_col-sm-12 vc_hidden-lg vc_hidden-md\"><div class=\"vc_column-inner\"><div class=\"wpb_wrapper\">\t<div class=\"vc_empty_space\"  style=\"height: 56px\" ><span\n\t\t\tclass=\"vc_empty_space_inner\">\n\t\t\t<span class=\"empty_space_image\"  ><\/span>\n\t\t<\/span><\/div>\n\n<\/div><\/div><\/div><\/div><\/div><\/div><\/div><\/div><\/div><\/div><\/div><div      class=\"vc_row wpb_row section vc_row-fluid  text-white vc_custom_1746810731158 grid_section\" style=' text-align:left;'><div class=\"section_inner clearfix\"><div class='section_inner_margin clearfix'><div class=\"wpb_column vc_column_container vc_col-sm-6\"><div class=\"vc_column-inner vc_custom_1746810989275\"><div class=\"wpb_wrapper\">\n\t<div class=\"wpb_text_column wpb_content_element  vc_custom_1746811236086\">\n\t\t<div class=\"wpb_wrapper\">\n\t\t\t<h2>Results<\/h2>\n\n\t\t<\/div> \n\t<\/div> \n\t<div class=\"wpb_text_column wpb_content_element\">\n\t\t<div class=\"wpb_wrapper\">\n\t\t\t<p>We developed a web platform that allows the management and location of the different vehicles of the fleet, matching trips to users with similar routes. A powerful application is built, with the capabilities required by Entel and that satisfy the company's customer.<\/p>\n\n\t\t<\/div> \n\t<\/div> <\/div><\/div><\/div><div class=\"wpb_column vc_column_container vc_col-sm-6\"><div class=\"vc_column-inner\"><div class=\"wpb_wrapper\">\n\t<div class=\"wpb_single_image wpb_content_element vc_align_left   img-fluid\">\n\t\t<div class=\"wpb_wrapper\">\n\t\t\t\n\t\t\t<div class=\"vc_single_image-wrapper   vc_box_border_grey\"><img loading=\"lazy\" decoding=\"async\" width=\"300\" height=\"173\" src=\"https:\/\/www.tracevault.cl\/wp-content\/uploads\/2025\/05\/Caso-de-e\u0301xito-Entel-300x173.png\" class=\"vc_single_image-img attachment-medium\" alt=\"\" srcset=\"https:\/\/www.tracevault.cl\/wp-content\/uploads\/2025\/05\/Caso-de-e\u0301xito-Entel-300x173.png 300w, https:\/\/www.tracevault.cl\/wp-content\/uploads\/2025\/05\/Caso-de-e\u0301xito-Entel-1024x590.png 1024w, https:\/\/www.tracevault.cl\/wp-content\/uploads\/2025\/05\/Caso-de-e\u0301xito-Entel-768x442.png 768w, https:\/\/www.tracevault.cl\/wp-content\/uploads\/2025\/05\/Caso-de-e\u0301xito-Entel-1536x885.png 1536w, https:\/\/www.tracevault.cl\/wp-content\/uploads\/2025\/05\/Caso-de-e\u0301xito-Entel-345x198.png 345w, https:\/\/www.tracevault.cl\/wp-content\/uploads\/2025\/05\/Caso-de-e\u0301xito-Entel-700x403.png 700w, https:\/\/www.tracevault.cl\/wp-content\/uploads\/2025\/05\/Caso-de-e\u0301xito-Entel.png 1920w\" sizes=\"(max-width: 300px) 100vw, 300px\" \/><\/div>\n\t\t<\/div>\n\t<\/div>\n<\/div><\/div><\/div><\/div><\/div><\/div><div      class=\"vc_row wpb_row section vc_row-fluid  vc_custom_1746810288174 grid_section\" style=' text-align:center;'><div class=\"section_inner clearfix\"><div class='section_inner_margin clearfix'><div class=\"wpb_column vc_column_container vc_col-sm-3\"><div class=\"vc_column-inner\"><div class=\"wpb_wrapper\"><\/div><\/div><\/div><div class=\"wpb_column vc_column_container vc_col-sm-6\"><div class=\"vc_column-inner\"><div class=\"wpb_wrapper\">\n\t<div class=\"wpb_text_column wpb_content_element  vc_custom_1746810355759\">\n\t\t<div class=\"wpb_wrapper\">\n\t\t\t<h3>Let\u2019s get to work on your project!<\/h3>\n\n\t\t<\/div> \n\t<\/div> <a  itemprop=\"url\" href=\"https:\/\/www.tracevault.cl\/en\/contacto\/\" target=\"_self\"  class=\"qbutton  large center default\" style=\"font-style: normal; \">Work with us<\/a><\/div><\/div><\/div><div class=\"wpb_column vc_column_container vc_col-sm-3\"><div class=\"vc_column-inner\"><div class=\"wpb_wrapper\"><\/div><\/div><\/div><\/div><\/div><\/div>","protected":false},"excerpt":{"rendered":"Cliente Entel Proyecto Plataforma de Car Sharing Desarrollamos una aplicaci\u00f3n para Entel bajo el concepto de \"carpooling\" que permite compartir viajes dentro de la empresa. Desaf\u00edo Uno de los clientes de Entel est\u00e1 teniendo problemas para gestionar su flota de veh\u00edculos. Adem\u00e1s, sus clientes se...","protected":false},"author":1,"featured_media":0,"parent":3271,"menu_order":0,"comment_status":"closed","ping_status":"closed","template":"full_width.php","meta":{"inline_featured_image":false,"footnotes":""},"class_list":["post-2449","page","type-page","status-publish","hentry"],"yoast_head":"<!-- This site is optimized with the Yoast SEO plugin v25.6 - https:\/\/yoast.com\/wordpress\/plugins\/seo\/ -->\n<title>Caso de \u00e9xito - Entel - Tracevault<\/title>\n<meta name=\"robots\" content=\"index, follow, max-snippet:-1, max-image-preview:large, max-video-preview:-1\" \/>\n<link rel=\"canonical\" href=\"https:\/\/www.tracevault.cl\/en\/nuestros-servicios\/transformacion-digital\/caso-de-exito-entel\/\" \/>\n<meta property=\"og:locale\" content=\"en_US\" \/>\n<meta property=\"og:type\" content=\"article\" \/>\n<meta property=\"og:title\" content=\"Caso de \u00e9xito - Entel - Tracevault\" \/>\n<meta property=\"og:url\" content=\"https:\/\/www.tracevault.cl\/en\/nuestros-servicios\/transformacion-digital\/caso-de-exito-entel\/\" \/>\n<meta property=\"og:site_name\" content=\"Tracevault\" \/>\n<meta property=\"article:modified_time\" content=\"2025-05-09T17:20:51+00:00\" \/>\n<meta name=\"twitter:card\" content=\"summary_large_image\" \/>\n<meta name=\"twitter:label1\" content=\"Est. reading time\" \/>\n\t<meta name=\"twitter:data1\" content=\"2 minutes\" \/>\n<script type=\"application\/ld+json\" class=\"yoast-schema-graph\">{\"@context\":\"https:\/\/schema.org\",\"@graph\":[{\"@type\":\"WebPage\",\"@id\":\"https:\/\/www.tracevault.cl\/nuestros-servicios\/transformacion-digital\/caso-de-exito-entel\/\",\"url\":\"https:\/\/www.tracevault.cl\/nuestros-servicios\/transformacion-digital\/caso-de-exito-entel\/\",\"name\":\"Caso de \u00e9xito - Entel - Tracevault\",\"isPartOf\":{\"@id\":\"https:\/\/www.tracevault.cl\/#website\"},\"datePublished\":\"2021-11-08T23:45:48+00:00\",\"dateModified\":\"2025-05-09T17:20:51+00:00\",\"breadcrumb\":{\"@id\":\"https:\/\/www.tracevault.cl\/nuestros-servicios\/transformacion-digital\/caso-de-exito-entel\/#breadcrumb\"},\"inLanguage\":\"en-US\",\"potentialAction\":[{\"@type\":\"ReadAction\",\"target\":[\"https:\/\/www.tracevault.cl\/nuestros-servicios\/transformacion-digital\/caso-de-exito-entel\/\"]}]},{\"@type\":\"BreadcrumbList\",\"@id\":\"https:\/\/www.tracevault.cl\/nuestros-servicios\/transformacion-digital\/caso-de-exito-entel\/#breadcrumb\",\"itemListElement\":[{\"@type\":\"ListItem\",\"position\":1,\"name\":\"Portada\",\"item\":\"https:\/\/www.tracevault.cl\/\"},{\"@type\":\"ListItem\",\"position\":2,\"name\":\"Nuestros servicios\",\"item\":\"https:\/\/www.tracevault.cl\/nuestros-servicios\/\"},{\"@type\":\"ListItem\",\"position\":3,\"name\":\"Transformaci\u00f3n digital\",\"item\":\"https:\/\/www.tracevault.cl\/nuestros-servicios\/transformacion-digital\/\"},{\"@type\":\"ListItem\",\"position\":4,\"name\":\"Caso de \u00e9xito &#8211; Entel\"}]},{\"@type\":\"WebSite\",\"@id\":\"https:\/\/www.tracevault.cl\/#website\",\"url\":\"https:\/\/www.tracevault.cl\/\",\"name\":\"Tracevault\",\"description\":\"Soluciones simples a problemas complejos\",\"potentialAction\":[{\"@type\":\"SearchAction\",\"target\":{\"@type\":\"EntryPoint\",\"urlTemplate\":\"https:\/\/www.tracevault.cl\/?s={search_term_string}\"},\"query-input\":{\"@type\":\"PropertyValueSpecification\",\"valueRequired\":true,\"valueName\":\"search_term_string\"}}],\"inLanguage\":\"en-US\"}]}<\/script>\n<!-- \/ Yoast SEO plugin. -->","yoast_head_json":{"title":"Caso de \u00e9xito - Entel - Tracevault","robots":{"index":"index","follow":"follow","max-snippet":"max-snippet:-1","max-image-preview":"max-image-preview:large","max-video-preview":"max-video-preview:-1"},"canonical":"https:\/\/www.tracevault.cl\/en\/nuestros-servicios\/transformacion-digital\/caso-de-exito-entel\/","og_locale":"en_US","og_type":"article","og_title":"Caso de \u00e9xito - Entel - Tracevault","og_url":"https:\/\/www.tracevault.cl\/en\/nuestros-servicios\/transformacion-digital\/caso-de-exito-entel\/","og_site_name":"Tracevault","article_modified_time":"2025-05-09T17:20:51+00:00","twitter_card":"summary_large_image","twitter_misc":{"Est. reading time":"2 minutes"},"schema":{"@context":"https:\/\/schema.org","@graph":[{"@type":"WebPage","@id":"https:\/\/www.tracevault.cl\/nuestros-servicios\/transformacion-digital\/caso-de-exito-entel\/","url":"https:\/\/www.tracevault.cl\/nuestros-servicios\/transformacion-digital\/caso-de-exito-entel\/","name":"Caso de \u00e9xito - Entel - Tracevault","isPartOf":{"@id":"https:\/\/www.tracevault.cl\/#website"},"datePublished":"2021-11-08T23:45:48+00:00","dateModified":"2025-05-09T17:20:51+00:00","breadcrumb":{"@id":"https:\/\/www.tracevault.cl\/nuestros-servicios\/transformacion-digital\/caso-de-exito-entel\/#breadcrumb"},"inLanguage":"en-US","potentialAction":[{"@type":"ReadAction","target":["https:\/\/www.tracevault.cl\/nuestros-servicios\/transformacion-digital\/caso-de-exito-entel\/"]}]},{"@type":"BreadcrumbList","@id":"https:\/\/www.tracevault.cl\/nuestros-servicios\/transformacion-digital\/caso-de-exito-entel\/#breadcrumb","itemListElement":[{"@type":"ListItem","position":1,"name":"Portada","item":"https:\/\/www.tracevault.cl\/"},{"@type":"ListItem","position":2,"name":"Nuestros servicios","item":"https:\/\/www.tracevault.cl\/nuestros-servicios\/"},{"@type":"ListItem","position":3,"name":"Transformaci\u00f3n digital","item":"https:\/\/www.tracevault.cl\/nuestros-servicios\/transformacion-digital\/"},{"@type":"ListItem","position":4,"name":"Caso de \u00e9xito &#8211; Entel"}]},{"@type":"WebSite","@id":"https:\/\/www.tracevault.cl\/#website","url":"https:\/\/www.tracevault.cl\/","name":"Tracevault","description":"Soluciones simples a problemas complejos","potentialAction":[{"@type":"SearchAction","target":{"@type":"EntryPoint","urlTemplate":"https:\/\/www.tracevault.cl\/?s={search_term_string}"},"query-input":{"@type":"PropertyValueSpecification","valueRequired":true,"valueName":"search_term_string"}}],"inLanguage":"en-US"}]}},"_links":{"self":[{"href":"https:\/\/www.tracevault.cl\/en\/wp-json\/wp\/v2\/pages\/2449","targetHints":{"allow":["GET"]}}],"collection":[{"href":"https:\/\/www.tracevault.cl\/en\/wp-json\/wp\/v2\/pages"}],"about":[{"href":"https:\/\/www.tracevault.cl\/en\/wp-json\/wp\/v2\/types\/page"}],"author":[{"embeddable":true,"href":"https:\/\/www.tracevault.cl\/en\/wp-json\/wp\/v2\/users\/1"}],"replies":[{"embeddable":true,"href":"https:\/\/www.tracevault.cl\/en\/wp-json\/wp\/v2\/comments?post=2449"}],"version-history":[{"count":0,"href":"https:\/\/www.tracevault.cl\/en\/wp-json\/wp\/v2\/pages\/2449\/revisions"}],"up":[{"embeddable":true,"href":"https:\/\/www.tracevault.cl\/en\/wp-json\/wp\/v2\/pages\/3271"}],"wp:attachment":[{"href":"https:\/\/www.tracevault.cl\/en\/wp-json\/wp\/v2\/media?parent=2449"}],"curies":[{"name":"wp","href":"https:\/\/api.w.org\/{rel}","templated":true}]}}