{"id":16849,"date":"2024-06-18T22:32:31","date_gmt":"2024-06-18T22:32:31","guid":{"rendered":"https:\/\/tracevault.cl\/?page_id=16849"},"modified":"2025-05-14T15:59:57","modified_gmt":"2025-05-14T15:59:57","slug":"caso-de-exito-im-track","status":"publish","type":"page","link":"https:\/\/www.tracevault.cl\/en\/nuestros-servicios\/transformacion-digital\/caso-de-exito-im-track\/","title":{"rendered":"Caso de \u00e9xito &#8211; IM-Track"},"content":{"rendered":"<div      class=\"vc_row wpb_row section vc_row-fluid  text-white vc_custom_1746817186257 grid_section\" style=' text-align:left;'><div class=\"section_inner clearfix\"><div class='section_inner_margin clearfix'><div class=\"wpb_column vc_column_container vc_col-sm-12\"><div class=\"vc_column-inner\"><div class=\"wpb_wrapper\"><div      class=\"vc_row wpb_row section vc_row-fluid vc_inner  vc_custom_1746817222772\" style=' text-align:left;'><div class=\"full_section_inner clearfix\"><div class=\"wpb_column vc_column_container vc_col-sm-3\"><div class=\"vc_column-inner\"><div class=\"wpb_wrapper\"><\/div><\/div><\/div><div class=\"wpb_column vc_column_container vc_col-sm-3\"><div class=\"vc_column-inner vc_custom_1746817231797\"><div class=\"wpb_wrapper\">\n\t<div class=\"wpb_single_image wpb_content_element vc_align_center  vc_custom_1746817253799  img-fluid\">\n\t\t<div class=\"wpb_wrapper\">\n\t\t\t\n\t\t\t<div class=\"vc_single_image-wrapper   vc_box_border_grey\"><img decoding=\"async\" width=\"261\" height=\"123\" src=\"https:\/\/www.tracevault.cl\/wp-content\/uploads\/2024\/06\/logo_imtrack.png\" class=\"vc_single_image-img attachment-medium\" alt=\"\" \/><\/div>\n\t\t<\/div>\n\t<\/div>\n<\/div><\/div><\/div><div class=\"wpb_column vc_column_container vc_col-sm-3\"><div class=\"vc_column-inner vc_custom_1746817235584\"><div class=\"wpb_wrapper\">\n\t<div class=\"wpb_text_column wpb_content_element  vc_custom_1746817267043\">\n\t\t<div class=\"wpb_wrapper\">\n\t\t\t<h5>Client<\/h5>\n\n\t\t<\/div> \n\t<\/div> \n\t<div class=\"wpb_text_column wpb_content_element  vc_custom_1746817311373\">\n\t\t<div class=\"wpb_wrapper\">\n\t\t\t<h6>IM-Track<\/h6>\n\n\t\t<\/div> \n\t<\/div> \n\t<div class=\"wpb_text_column wpb_content_element  vc_custom_1746817277421\">\n\t\t<div class=\"wpb_wrapper\">\n\t\t\t<h5>Project<\/h5>\n\n\t\t<\/div> \n\t<\/div> \n\t<div class=\"wpb_text_column wpb_content_element\">\n\t\t<div class=\"wpb_wrapper\">\n\t\t\t<h6>An\u00e1lisis de redes sociales con IA<\/h6>\n\n\t\t<\/div> \n\t<\/div> <\/div><\/div><\/div><div class=\"wpb_column vc_column_container vc_col-sm-3\"><div class=\"vc_column-inner\"><div class=\"wpb_wrapper\"><\/div><\/div><\/div><\/div><\/div><\/div><\/div><\/div><div class=\"wpb_column vc_column_container vc_col-sm-12\"><div class=\"vc_column-inner vc_custom_1746817138998\"><div class=\"wpb_wrapper\"><div      class=\"vc_row wpb_row section vc_row-fluid vc_inner\" style=' text-align:center;'><div class=\"full_section_inner clearfix\"><div class=\"wpb_column vc_column_container vc_col-sm-2\"><div class=\"vc_column-inner\"><div class=\"wpb_wrapper\"><\/div><\/div><\/div><div class=\"wpb_column vc_column_container vc_col-sm-8\"><div class=\"vc_column-inner\"><div class=\"wpb_wrapper\">\n\t<div class=\"wpb_text_column wpb_content_element  text-white\">\n\t\t<div class=\"wpb_wrapper\">\n\t\t\t<p style=\"font-size: 20px; line-height: 30px;\">Automatizamos procesos por medio de IA, ahorrando tiempo y reduciendo esfuerzos.<\/p>\n\n\t\t<\/div> \n\t<\/div> <\/div><\/div><\/div><div class=\"wpb_column vc_column_container vc_col-sm-2\"><div class=\"vc_column-inner\"><div class=\"wpb_wrapper\"><\/div><\/div><\/div><\/div><\/div><\/div><\/div><\/div><\/div><\/div><\/div><div      class=\"vc_row wpb_row section vc_row-fluid  vc_custom_1746817439133 grid_section\" style=' text-align:left;'><div class=\"section_inner clearfix\"><div class='section_inner_margin clearfix'><div class=\"wpb_column vc_column_container vc_col-sm-12\"><div class=\"vc_column-inner\"><div class=\"wpb_wrapper\"><div      class=\"vc_row wpb_row section vc_row-fluid vc_inner  grid_section\" style=' text-align:left;'><div class=\"section_inner clearfix\"><div class='section_inner_margin clearfix'><div class=\"wpb_column vc_column_container vc_col-sm-6\"><div class=\"vc_column-inner vc_custom_1746817411134\"><div class=\"wpb_wrapper\">\n\t<div class=\"wpb_text_column wpb_content_element  text-primary vc_custom_1746817465346\">\n\t\t<div class=\"wpb_wrapper\">\n\t\t\t<h2>Challenge<\/h2>\n\n\t\t<\/div> \n\t<\/div> \n\t<div class=\"wpb_text_column wpb_content_element\">\n\t\t<div class=\"wpb_wrapper\">\n\t\t\t<p>Desarrollar una plataforma innovadora de procesamiento y an\u00e1lisis de menciones en redes sociales.<\/p>\n\n\t\t<\/div> \n\t<\/div> <\/div><\/div><\/div><div class=\"wpb_column vc_column_container vc_col-sm-6\"><div class=\"vc_column-inner\"><div class=\"wpb_wrapper\">\n\t<div class=\"wpb_single_image wpb_content_element vc_align_right\">\n\t\t<div class=\"wpb_wrapper\">\n\t\t\t\n\t\t\t<div class=\"vc_single_image-wrapper   vc_box_border_grey\"><img fetchpriority=\"high\" decoding=\"async\" width=\"300\" height=\"169\" src=\"https:\/\/www.tracevault.cl\/wp-content\/uploads\/2021\/10\/Particles-300x169.png\" class=\"vc_single_image-img attachment-medium\" alt=\"\" srcset=\"https:\/\/www.tracevault.cl\/wp-content\/uploads\/2021\/10\/Particles-300x169.png 300w, https:\/\/www.tracevault.cl\/wp-content\/uploads\/2021\/10\/Particles.png 344w\" sizes=\"(max-width: 300px) 100vw, 300px\" \/><\/div>\n\t\t<\/div>\n\t<\/div>\n<\/div><\/div><\/div><\/div><\/div><\/div><div      class=\"vc_row wpb_row section vc_row-fluid vc_inner  grid_section\" style=' text-align:left;'><div class=\"section_inner clearfix\"><div class='section_inner_margin clearfix'><div class=\"wpb_column vc_column_container vc_col-sm-6\"><div class=\"vc_column-inner\"><div class=\"wpb_wrapper\"><\/div><\/div><\/div><div class=\"wpb_column vc_column_container vc_col-sm-6\"><div class=\"vc_column-inner\"><div class=\"wpb_wrapper\">\n\t<div class=\"wpb_text_column wpb_content_element  text-primary vc_custom_1746817484502\">\n\t\t<div class=\"wpb_wrapper\">\n\t\t\t<h2>Process<\/h2>\n\n\t\t<\/div> \n\t<\/div> \n\t<div class=\"wpb_text_column wpb_content_element\">\n\t\t<div class=\"wpb_wrapper\">\n\t\t\t<p>Con un enfoque centrado en la eficiencia, integramos inteligencia artificial y dise\u00f1amos una infraestructura robusta para garantizar resultados precisos y r\u00e1pidos.<\/p>\n\n\t\t<\/div> \n\t<\/div> <\/div><\/div><\/div><\/div><\/div><\/div><\/div><\/div><\/div><\/div><\/div><\/div><div      class=\"vc_row wpb_row section vc_row-fluid  text-white vc_custom_1746817561377 grid_section\" style=' text-align:left;'><div class=\"section_inner clearfix\"><div class='section_inner_margin clearfix'><div class=\"wpb_column vc_column_container vc_col-sm-6\"><div class=\"vc_column-inner vc_custom_1746817653637\"><div class=\"wpb_wrapper\">\n\t<div class=\"wpb_text_column wpb_content_element  vc_custom_1746817625265\">\n\t\t<div class=\"wpb_wrapper\">\n\t\t\t<h2>Results<\/h2>\n\n\t\t<\/div> \n\t<\/div> \n\t<div class=\"wpb_text_column wpb_content_element  text-white\">\n\t\t<div class=\"wpb_wrapper\">\n\t\t\t<p>Resultado: Logramos transformar por completo la din\u00e1mica de an\u00e1lisis de menciones, logrando una reducci\u00f3n considerable en los tiempos, automatizando un proceso que anteriormente demandaba esfuerzos manuales.<\/p>\n\n\t\t<\/div> \n\t<\/div> <\/div><\/div><\/div><div class=\"wpb_column vc_column_container vc_col-sm-6\"><div class=\"vc_column-inner\"><div class=\"wpb_wrapper\">\n\t<div class=\"wpb_single_image wpb_content_element vc_align_left   img-fluid\">\n\t\t<div class=\"wpb_wrapper\">\n\t\t\t\n\t\t\t<div class=\"vc_single_image-wrapper   vc_box_border_grey\"><img decoding=\"async\" width=\"1440\" height=\"1920\" src=\"https:\/\/www.tracevault.cl\/wp-content\/uploads\/2025\/05\/IM-Track2.jpg\" class=\"vc_single_image-img attachment-full\" alt=\"\" srcset=\"https:\/\/www.tracevault.cl\/wp-content\/uploads\/2025\/05\/IM-Track2.jpg 1440w, https:\/\/www.tracevault.cl\/wp-content\/uploads\/2025\/05\/IM-Track2-225x300.jpg 225w, https:\/\/www.tracevault.cl\/wp-content\/uploads\/2025\/05\/IM-Track2-768x1024.jpg 768w, https:\/\/www.tracevault.cl\/wp-content\/uploads\/2025\/05\/IM-Track2-1152x1536.jpg 1152w, https:\/\/www.tracevault.cl\/wp-content\/uploads\/2025\/05\/IM-Track2-600x800.jpg 600w, https:\/\/www.tracevault.cl\/wp-content\/uploads\/2025\/05\/IM-Track2-700x933.jpg 700w\" sizes=\"(max-width: 1440px) 100vw, 1440px\" \/><\/div>\n\t\t<\/div>\n\t<\/div>\n<\/div><\/div><\/div><\/div><\/div><\/div><div      class=\"vc_row wpb_row section vc_row-fluid  vc_custom_1746817717885 grid_section\" style=' text-align:center;'><div class=\"section_inner clearfix\"><div class='section_inner_margin clearfix'><div class=\"wpb_column vc_column_container vc_col-sm-3\"><div class=\"vc_column-inner\"><div class=\"wpb_wrapper\"><\/div><\/div><\/div><div class=\"wpb_column vc_column_container vc_col-sm-6\"><div class=\"vc_column-inner\"><div class=\"wpb_wrapper\">\n\t<div class=\"wpb_text_column wpb_content_element  vc_custom_1747238392717\">\n\t\t<div class=\"wpb_wrapper\">\n\t\t\t<h3>Let\u2019s get to work on your project!<\/h3>\n\n\t\t<\/div> \n\t<\/div> <a  itemprop=\"url\" href=\"https:\/\/www.tracevault.cl\/en\/contacto\/\" target=\"_self\"  class=\"qbutton  large center default\" style=\"font-style: normal; \">Work with us<\/a><\/div><\/div><\/div><div class=\"wpb_column vc_column_container vc_col-sm-3\"><div class=\"vc_column-inner\"><div class=\"wpb_wrapper\"><\/div><\/div><\/div><\/div><\/div><\/div>","protected":false},"excerpt":{"rendered":"Cliente IM-Track Proyecto An\u00e1lisis de redes sociales con IA Automatizamos procesos por medio de IA, ahorrando tiempo y reduciendo esfuerzos. Desaf\u00edo Desarrollar una plataforma innovadora de procesamiento y an\u00e1lisis de menciones en redes sociales. Proceso Con un enfoque centrado en la eficiencia, integramos inteligencia artificial...","protected":false},"author":1,"featured_media":0,"parent":3271,"menu_order":0,"comment_status":"closed","ping_status":"closed","template":"full_width.php","meta":{"inline_featured_image":false,"footnotes":""},"class_list":["post-16849","page","type-page","status-publish","hentry"],"yoast_head":"<!-- This site is optimized with the Yoast SEO plugin v25.6 - https:\/\/yoast.com\/wordpress\/plugins\/seo\/ -->\n<title>Caso de \u00e9xito - IM-Track - Tracevault<\/title>\n<meta name=\"robots\" content=\"index, follow, max-snippet:-1, max-image-preview:large, max-video-preview:-1\" \/>\n<link rel=\"canonical\" href=\"https:\/\/www.tracevault.cl\/en\/nuestros-servicios\/transformacion-digital\/caso-de-exito-im-track\/\" \/>\n<meta property=\"og:locale\" content=\"en_US\" \/>\n<meta property=\"og:type\" content=\"article\" \/>\n<meta property=\"og:title\" content=\"Caso de \u00e9xito - IM-Track - Tracevault\" \/>\n<meta property=\"og:url\" content=\"https:\/\/www.tracevault.cl\/en\/nuestros-servicios\/transformacion-digital\/caso-de-exito-im-track\/\" \/>\n<meta property=\"og:site_name\" content=\"Tracevault\" \/>\n<meta property=\"article:modified_time\" content=\"2025-05-14T15:59:57+00:00\" \/>\n<meta name=\"twitter:card\" content=\"summary_large_image\" \/>\n<meta name=\"twitter:label1\" content=\"Est. reading time\" \/>\n\t<meta name=\"twitter:data1\" content=\"2 minutes\" \/>\n<script type=\"application\/ld+json\" class=\"yoast-schema-graph\">{\"@context\":\"https:\/\/schema.org\",\"@graph\":[{\"@type\":\"WebPage\",\"@id\":\"https:\/\/www.tracevault.cl\/nuestros-servicios\/transformacion-digital\/caso-de-exito-im-track\/\",\"url\":\"https:\/\/www.tracevault.cl\/nuestros-servicios\/transformacion-digital\/caso-de-exito-im-track\/\",\"name\":\"Caso de \u00e9xito - IM-Track - Tracevault\",\"isPartOf\":{\"@id\":\"https:\/\/www.tracevault.cl\/#website\"},\"datePublished\":\"2024-06-18T22:32:31+00:00\",\"dateModified\":\"2025-05-14T15:59:57+00:00\",\"breadcrumb\":{\"@id\":\"https:\/\/www.tracevault.cl\/nuestros-servicios\/transformacion-digital\/caso-de-exito-im-track\/#breadcrumb\"},\"inLanguage\":\"en-US\",\"potentialAction\":[{\"@type\":\"ReadAction\",\"target\":[\"https:\/\/www.tracevault.cl\/nuestros-servicios\/transformacion-digital\/caso-de-exito-im-track\/\"]}]},{\"@type\":\"BreadcrumbList\",\"@id\":\"https:\/\/www.tracevault.cl\/nuestros-servicios\/transformacion-digital\/caso-de-exito-im-track\/#breadcrumb\",\"itemListElement\":[{\"@type\":\"ListItem\",\"position\":1,\"name\":\"Portada\",\"item\":\"https:\/\/www.tracevault.cl\/\"},{\"@type\":\"ListItem\",\"position\":2,\"name\":\"Nuestros servicios\",\"item\":\"https:\/\/www.tracevault.cl\/nuestros-servicios\/\"},{\"@type\":\"ListItem\",\"position\":3,\"name\":\"Transformaci\u00f3n digital\",\"item\":\"https:\/\/www.tracevault.cl\/nuestros-servicios\/transformacion-digital\/\"},{\"@type\":\"ListItem\",\"position\":4,\"name\":\"Caso de \u00e9xito &#8211; IM-Track\"}]},{\"@type\":\"WebSite\",\"@id\":\"https:\/\/www.tracevault.cl\/#website\",\"url\":\"https:\/\/www.tracevault.cl\/\",\"name\":\"Tracevault\",\"description\":\"Soluciones simples a problemas complejos\",\"potentialAction\":[{\"@type\":\"SearchAction\",\"target\":{\"@type\":\"EntryPoint\",\"urlTemplate\":\"https:\/\/www.tracevault.cl\/?s={search_term_string}\"},\"query-input\":{\"@type\":\"PropertyValueSpecification\",\"valueRequired\":true,\"valueName\":\"search_term_string\"}}],\"inLanguage\":\"en-US\"}]}<\/script>\n<!-- \/ Yoast SEO plugin. -->","yoast_head_json":{"title":"Caso de \u00e9xito - IM-Track - Tracevault","robots":{"index":"index","follow":"follow","max-snippet":"max-snippet:-1","max-image-preview":"max-image-preview:large","max-video-preview":"max-video-preview:-1"},"canonical":"https:\/\/www.tracevault.cl\/en\/nuestros-servicios\/transformacion-digital\/caso-de-exito-im-track\/","og_locale":"en_US","og_type":"article","og_title":"Caso de \u00e9xito - IM-Track - Tracevault","og_url":"https:\/\/www.tracevault.cl\/en\/nuestros-servicios\/transformacion-digital\/caso-de-exito-im-track\/","og_site_name":"Tracevault","article_modified_time":"2025-05-14T15:59:57+00:00","twitter_card":"summary_large_image","twitter_misc":{"Est. reading time":"2 minutes"},"schema":{"@context":"https:\/\/schema.org","@graph":[{"@type":"WebPage","@id":"https:\/\/www.tracevault.cl\/nuestros-servicios\/transformacion-digital\/caso-de-exito-im-track\/","url":"https:\/\/www.tracevault.cl\/nuestros-servicios\/transformacion-digital\/caso-de-exito-im-track\/","name":"Caso de \u00e9xito - IM-Track - Tracevault","isPartOf":{"@id":"https:\/\/www.tracevault.cl\/#website"},"datePublished":"2024-06-18T22:32:31+00:00","dateModified":"2025-05-14T15:59:57+00:00","breadcrumb":{"@id":"https:\/\/www.tracevault.cl\/nuestros-servicios\/transformacion-digital\/caso-de-exito-im-track\/#breadcrumb"},"inLanguage":"en-US","potentialAction":[{"@type":"ReadAction","target":["https:\/\/www.tracevault.cl\/nuestros-servicios\/transformacion-digital\/caso-de-exito-im-track\/"]}]},{"@type":"BreadcrumbList","@id":"https:\/\/www.tracevault.cl\/nuestros-servicios\/transformacion-digital\/caso-de-exito-im-track\/#breadcrumb","itemListElement":[{"@type":"ListItem","position":1,"name":"Portada","item":"https:\/\/www.tracevault.cl\/"},{"@type":"ListItem","position":2,"name":"Nuestros servicios","item":"https:\/\/www.tracevault.cl\/nuestros-servicios\/"},{"@type":"ListItem","position":3,"name":"Transformaci\u00f3n digital","item":"https:\/\/www.tracevault.cl\/nuestros-servicios\/transformacion-digital\/"},{"@type":"ListItem","position":4,"name":"Caso de \u00e9xito &#8211; IM-Track"}]},{"@type":"WebSite","@id":"https:\/\/www.tracevault.cl\/#website","url":"https:\/\/www.tracevault.cl\/","name":"Tracevault","description":"Soluciones simples a problemas complejos","potentialAction":[{"@type":"SearchAction","target":{"@type":"EntryPoint","urlTemplate":"https:\/\/www.tracevault.cl\/?s={search_term_string}"},"query-input":{"@type":"PropertyValueSpecification","valueRequired":true,"valueName":"search_term_string"}}],"inLanguage":"en-US"}]}},"_links":{"self":[{"href":"https:\/\/www.tracevault.cl\/en\/wp-json\/wp\/v2\/pages\/16849","targetHints":{"allow":["GET"]}}],"collection":[{"href":"https:\/\/www.tracevault.cl\/en\/wp-json\/wp\/v2\/pages"}],"about":[{"href":"https:\/\/www.tracevault.cl\/en\/wp-json\/wp\/v2\/types\/page"}],"author":[{"embeddable":true,"href":"https:\/\/www.tracevault.cl\/en\/wp-json\/wp\/v2\/users\/1"}],"replies":[{"embeddable":true,"href":"https:\/\/www.tracevault.cl\/en\/wp-json\/wp\/v2\/comments?post=16849"}],"version-history":[{"count":0,"href":"https:\/\/www.tracevault.cl\/en\/wp-json\/wp\/v2\/pages\/16849\/revisions"}],"up":[{"embeddable":true,"href":"https:\/\/www.tracevault.cl\/en\/wp-json\/wp\/v2\/pages\/3271"}],"wp:attachment":[{"href":"https:\/\/www.tracevault.cl\/en\/wp-json\/wp\/v2\/media?parent=16849"}],"curies":[{"name":"wp","href":"https:\/\/api.w.org\/{rel}","templated":true}]}}