{"id":1299,"date":"2020-09-09T14:53:08","date_gmt":"2020-09-09T14:53:08","guid":{"rendered":"http:\/\/wp.do.magnet.cl\/?page_id=1299"},"modified":"2025-05-14T15:58:05","modified_gmt":"2025-05-14T15:58:05","slug":"caso-de-exito-labgob","status":"publish","type":"page","link":"https:\/\/www.tracevault.cl\/en\/nuestros-servicios\/proyectos-en-el-estado\/caso-de-exito-labgob\/","title":{"rendered":"Caso de \u00e9xito &#8211; Laboratorio de Gobierno"},"content":{"rendered":"<div      class=\"vc_row wpb_row section vc_row-fluid  text-white vc_custom_1747145873909 grid_section\" style=' text-align:left;'><div class=\"section_inner clearfix\"><div class='section_inner_margin clearfix'><div class=\"wpb_column vc_column_container vc_col-sm-12\"><div class=\"vc_column-inner\"><div class=\"wpb_wrapper\"><div      class=\"vc_row wpb_row section vc_row-fluid vc_inner  vc_custom_1747148194876\" style=' text-align:left;'><div class=\"full_section_inner clearfix\"><div class=\"wpb_column vc_column_container vc_col-sm-3\"><div class=\"vc_column-inner\"><div class=\"wpb_wrapper\"><\/div><\/div><\/div><div class=\"wpb_column vc_column_container vc_col-sm-3\"><div class=\"vc_column-inner vc_custom_1747146616659\"><div class=\"wpb_wrapper\">\n\t<div class=\"wpb_single_image wpb_content_element vc_align_center  vc_custom_1747146283161  img-fluid\">\n\t\t<div class=\"wpb_wrapper\">\n\t\t\t\n\t\t\t<div class=\"vc_single_image-wrapper   vc_box_border_grey\"><img decoding=\"async\" width=\"1\" height=\"1\" src=\"https:\/\/www.tracevault.cl\/wp-content\/uploads\/2020\/08\/Laboratorio_de_gobierno_color.svg\" class=\"vc_single_image-img attachment-medium\" alt=\"\" \/><\/div>\n\t\t<\/div>\n\t<\/div>\n<\/div><\/div><\/div><div class=\"wpb_column vc_column_container vc_col-sm-3\"><div class=\"vc_column-inner vc_custom_1747146620711\"><div class=\"wpb_wrapper\">\n\t<div class=\"wpb_text_column wpb_content_element  vc_custom_1747234505634\">\n\t\t<div class=\"wpb_wrapper\">\n\t\t\t<h5>Client<\/h5>\n\n\t\t<\/div> \n\t<\/div> \n\t<div class=\"wpb_text_column wpb_content_element  vc_custom_1747234541263\">\n\t\t<div class=\"wpb_wrapper\">\n\t\t\t<h6>Government Laboratory<\/h6>\n\n\t\t<\/div> \n\t<\/div> \n\t<div class=\"wpb_text_column wpb_content_element  vc_custom_1747234581823\">\n\t\t<div class=\"wpb_wrapper\">\n\t\t\t<h5>Projects<\/h5>\n\n\t\t<\/div> \n\t<\/div> \n\t<div class=\"wpb_text_column wpb_content_element\">\n\t\t<div class=\"wpb_wrapper\">\n\t\t\t<h6>Impact <a class=\"notion-link-token notion-enable-hover\" href=\"https:\/\/lab.gob.cl\/\" target=\"_blank\" rel=\"noopener noreferrer\" data-token-index=\"1\" data-reactroot=\"\">Labgob.cl<\/a> and Innovators Network<\/h6>\n\n\t\t<\/div> \n\t<\/div> <\/div><\/div><\/div><div class=\"wpb_column vc_column_container vc_col-sm-3\"><div class=\"vc_column-inner\"><div class=\"wpb_wrapper\"><\/div><\/div><\/div><\/div><\/div><\/div><\/div><\/div><div class=\"wpb_column vc_column_container vc_col-sm-12\"><div class=\"vc_column-inner vc_custom_1747146649967\"><div class=\"wpb_wrapper\"><div      class=\"vc_row wpb_row section vc_row-fluid vc_inner\" style=' text-align:center;'><div class=\"full_section_inner clearfix\"><div class=\"wpb_column vc_column_container vc_col-sm-2\"><div class=\"vc_column-inner\"><div class=\"wpb_wrapper\"><\/div><\/div><\/div><div class=\"wpb_column vc_column_container vc_col-sm-8\"><div class=\"vc_column-inner\"><div class=\"wpb_wrapper\">\n\t<div class=\"wpb_text_column wpb_content_element\">\n\t\t<div class=\"wpb_wrapper\">\n\t\t\t<p style=\"font-size: 20px; line-height: 30px;\">We developed three projects with complex platforms, under a complicated design and according to governmental security protocols.<\/p>\n\n\t\t<\/div> \n\t<\/div> <\/div><\/div><\/div><div class=\"wpb_column vc_column_container vc_col-sm-2\"><div class=\"vc_column-inner\"><div class=\"wpb_wrapper\"><\/div><\/div><\/div><\/div><\/div><\/div><\/div><\/div><\/div><\/div><\/div><div      class=\"vc_row wpb_row section vc_row-fluid  vc_custom_1747235103545 grid_section\" style=' text-align:left;'><div class=\"section_inner clearfix\"><div class='section_inner_margin clearfix'><div class=\"wpb_column vc_column_container vc_col-sm-12\"><div class=\"vc_column-inner\"><div class=\"wpb_wrapper\"><div      class=\"vc_row wpb_row section vc_row-fluid vc_inner\" style=' text-align:left;'><div class=\"full_section_inner clearfix\"><div class=\"wpb_column vc_column_container vc_col-sm-6\"><div class=\"vc_column-inner vc_custom_1747235515305\"><div class=\"wpb_wrapper\">\n\t<div class=\"wpb_text_column wpb_content_element  text-primary vc_custom_1747235274874\">\n\t\t<div class=\"wpb_wrapper\">\n\t\t\t<h2>Challenge<\/h2>\n\n\t\t<\/div> \n\t<\/div> \n\t<div class=\"wpb_text_column wpb_content_element\">\n\t\t<div class=\"wpb_wrapper\">\n\t\t\t<p>The platforms requested by the client must be able to support huge numbers of users, ensure agile operation under a complex design and in the case of Labgob, only one month was needed to complete the development.<\/p>\n<p>Finally, all these projects must work under strict security and privacy measures considered necessary by the State, which adds another level of complexity to the process.<\/p>\n\n\t\t<\/div> \n\t<\/div> <\/div><\/div><\/div><div class=\"wpb_column vc_column_container vc_col-sm-6\"><div class=\"vc_column-inner\"><div class=\"wpb_wrapper\">\n\t<div class=\"wpb_single_image wpb_content_element vc_align_right\">\n\t\t<div class=\"wpb_wrapper\">\n\t\t\t\n\t\t\t<div class=\"vc_single_image-wrapper   vc_box_border_grey\"><img fetchpriority=\"high\" decoding=\"async\" width=\"344\" height=\"194\" src=\"https:\/\/www.tracevault.cl\/wp-content\/uploads\/2021\/10\/Particles.png\" class=\"vc_single_image-img attachment-full\" alt=\"\" srcset=\"https:\/\/www.tracevault.cl\/wp-content\/uploads\/2021\/10\/Particles.png 344w, https:\/\/www.tracevault.cl\/wp-content\/uploads\/2021\/10\/Particles-300x169.png 300w\" sizes=\"(max-width: 344px) 100vw, 344px\" \/><\/div>\n\t\t<\/div>\n\t<\/div>\n<\/div><\/div><\/div><\/div><\/div><div      class=\"vc_row wpb_row section vc_row-fluid vc_inner  centro-vertical grid_section\" style=' text-align:left;'><div class=\"section_inner clearfix\"><div class='section_inner_margin clearfix'><div class=\"wpb_column vc_column_container vc_col-sm-6\"><div class=\"vc_column-inner\"><div class=\"wpb_wrapper\"><\/div><\/div><\/div><div class=\"wpb_column vc_column_container vc_col-sm-6\"><div class=\"vc_column-inner\"><div class=\"wpb_wrapper\">\n\t<div class=\"wpb_text_column wpb_content_element  text-primary vc_custom_1747235359274\">\n\t\t<div class=\"wpb_wrapper\">\n\t\t\t<h2>Process<\/h2>\n\n\t\t<\/div> \n\t<\/div> \n\t<div class=\"wpb_text_column wpb_content_element\">\n\t\t<div class=\"wpb_wrapper\">\n\t\t\t<p>Based on <strong><span class=\"notion-enable-hover\" data-token-index=\"1\" data-reactroot=\"\">Impact<\/span><\/strong> needs regarding volume, user support, and review of applications by the client, the entire architecture of the site were developed to support high demands.  We also worked on the site's <em>backoffice<\/em> allowing its administrators to manage contests and funds without the need for external intermediaries.<\/p>\n<p><strong><span class=\"notion-enable-hover\" data-token-index=\"3\" data-reactroot=\"\">Labgob<\/span><\/strong> represented a challenge due to its dynamic design and the short time frame agreed upon for its delivery. However, a site was developed that functions smoothly, despite its complex structure.<\/p>\n<p>Finally, the <strong><span class=\"notion-enable-hover\" data-token-index=\"5\" data-reactroot=\"\">Innovators Network<\/span><\/strong> project needs to run smoothly despite its intricate design, intercommunication needs, and state-owned security protocols. In this case, Magnet connected the platform with an internal account, recognized by state emails and allowing the exchange of emails.<\/p>\n\n\t\t<\/div> \n\t<\/div> <\/div><\/div><\/div><\/div><\/div><\/div><\/div><\/div><\/div><\/div><\/div><\/div><div      class=\"vc_row wpb_row section vc_row-fluid  text-white vc_custom_1747235943864 grid_section\" style=' text-align:left;'><div class=\"section_inner clearfix\"><div class='section_inner_margin clearfix'><div class=\"wpb_column vc_column_container vc_col-sm-6\"><div class=\"vc_column-inner vc_custom_1747236081412\"><div class=\"wpb_wrapper\">\n\t<div class=\"wpb_text_column wpb_content_element  vc_custom_1747236163748\">\n\t\t<div class=\"wpb_wrapper\">\n\t\t\t<h2>Results<\/h2>\n\n\t\t<\/div> \n\t<\/div> \n\t<div class=\"wpb_text_column wpb_content_element\">\n\t\t<div class=\"wpb_wrapper\">\n\t\t\t<p><strong><span class=\"notion-enable-hover\" data-token-index=\"0\" data-reactroot=\"\">Impact<\/span><\/strong> is a robust platform capable of supporting and allowing the interaction, without external agents, of a huge number of simultaneous users. On the other hand, <strong><span class=\"notion-enable-hover\" data-token-index=\"2\" data-reactroot=\"\">Labgob<\/span><\/strong> works smoothly with its dynamic design and is easily editable by its administrators. It should be highlighted that this was achieved in the record time requested by the client.<\/p>\n<p><strong><span class=\"notion-enable-hover\" data-token-index=\"4\" data-reactroot=\"\">Innovators Network<\/span><\/strong> is a working platform that connects government officials regardless of their physical location, allowing them to coordinate their work to save time and resources.<\/p>\n\n\t\t<\/div> \n\t<\/div> <\/div><\/div><\/div><div class=\"wpb_column vc_column_container vc_col-sm-6\"><div class=\"vc_column-inner\"><div class=\"wpb_wrapper\">\n\t<div class=\"wpb_single_image wpb_content_element vc_align_left   img-fluid\">\n\t\t<div class=\"wpb_wrapper\">\n\t\t\t\n\t\t\t<div class=\"vc_single_image-wrapper   vc_box_border_grey\"><img decoding=\"async\" width=\"1920\" height=\"1106\" src=\"https:\/\/www.tracevault.cl\/wp-content\/uploads\/2025\/05\/Caso-de-e\u0301xito-Laboratorio-de-Gobierno.png\" class=\"vc_single_image-img attachment-full\" alt=\"\" srcset=\"https:\/\/www.tracevault.cl\/wp-content\/uploads\/2025\/05\/Caso-de-e\u0301xito-Laboratorio-de-Gobierno.png 1920w, https:\/\/www.tracevault.cl\/wp-content\/uploads\/2025\/05\/Caso-de-e\u0301xito-Laboratorio-de-Gobierno-300x173.png 300w, https:\/\/www.tracevault.cl\/wp-content\/uploads\/2025\/05\/Caso-de-e\u0301xito-Laboratorio-de-Gobierno-1024x590.png 1024w, https:\/\/www.tracevault.cl\/wp-content\/uploads\/2025\/05\/Caso-de-e\u0301xito-Laboratorio-de-Gobierno-768x442.png 768w, https:\/\/www.tracevault.cl\/wp-content\/uploads\/2025\/05\/Caso-de-e\u0301xito-Laboratorio-de-Gobierno-1536x885.png 1536w, https:\/\/www.tracevault.cl\/wp-content\/uploads\/2025\/05\/Caso-de-e\u0301xito-Laboratorio-de-Gobierno-345x198.png 345w, https:\/\/www.tracevault.cl\/wp-content\/uploads\/2025\/05\/Caso-de-e\u0301xito-Laboratorio-de-Gobierno-700x403.png 700w\" sizes=\"(max-width: 1920px) 100vw, 1920px\" \/><\/div>\n\t\t<\/div>\n\t<\/div>\n<\/div><\/div><\/div><\/div><\/div><\/div><div      class=\"vc_row wpb_row section vc_row-fluid  vc_custom_1747238251463 grid_section\" style=' text-align:center;'><div class=\"section_inner clearfix\"><div class='section_inner_margin clearfix'><div class=\"wpb_column vc_column_container vc_col-sm-3\"><div class=\"vc_column-inner\"><div class=\"wpb_wrapper\"><\/div><\/div><\/div><div class=\"wpb_column vc_column_container vc_col-sm-6\"><div class=\"vc_column-inner\"><div class=\"wpb_wrapper\">\n\t<div class=\"wpb_text_column wpb_content_element  vc_custom_1747237765746\">\n\t\t<div class=\"wpb_wrapper\">\n\t\t\t<h3>Let\u2019s get to work on your project!<\/h3>\n\n\t\t<\/div> \n\t<\/div> <a  itemprop=\"url\" href=\"https:\/\/www.tracevault.cl\/en\/contacto\/\" target=\"_self\"  class=\"qbutton  large center default\" style=\"\">Work with us<\/a><\/div><\/div><\/div><div class=\"wpb_column vc_column_container vc_col-sm-3\"><div class=\"vc_column-inner\"><div class=\"wpb_wrapper\"><\/div><\/div><\/div><\/div><\/div><\/div>","protected":false},"excerpt":{"rendered":"Cliente Laboratorio de Gobierno Proyectos Impacta, Labgob.cl y Red de Innovadores Desarrollamos tres proyectos con plataformas robustas, bajo un dise\u00f1o complejo y seg\u00fan los protocolos de seguridad gubernamentales. Desaf\u00edo Las plataformas solicitadas por el cliente deben ser capaces de soportar enormes cantidades de usuarios, asegurar...","protected":false},"author":1,"featured_media":0,"parent":717,"menu_order":0,"comment_status":"closed","ping_status":"closed","template":"full_width.php","meta":{"inline_featured_image":false,"footnotes":""},"class_list":["post-1299","page","type-page","status-publish","hentry"],"yoast_head":"<!-- This site is optimized with the Yoast SEO plugin v25.6 - https:\/\/yoast.com\/wordpress\/plugins\/seo\/ -->\n<title>Caso de \u00e9xito - Laboratorio de Gobierno - Tracevault<\/title>\n<meta name=\"robots\" content=\"index, follow, max-snippet:-1, max-image-preview:large, max-video-preview:-1\" \/>\n<link rel=\"canonical\" href=\"https:\/\/www.tracevault.cl\/en\/nuestros-servicios\/proyectos-en-el-estado\/caso-de-exito-labgob\/\" \/>\n<meta property=\"og:locale\" content=\"en_US\" \/>\n<meta property=\"og:type\" content=\"article\" \/>\n<meta property=\"og:title\" content=\"Caso de \u00e9xito - Laboratorio de Gobierno - Tracevault\" \/>\n<meta property=\"og:url\" content=\"https:\/\/www.tracevault.cl\/en\/nuestros-servicios\/proyectos-en-el-estado\/caso-de-exito-labgob\/\" \/>\n<meta property=\"og:site_name\" content=\"Tracevault\" \/>\n<meta property=\"article:modified_time\" content=\"2025-05-14T15:58:05+00:00\" \/>\n<meta name=\"twitter:card\" content=\"summary_large_image\" \/>\n<meta name=\"twitter:label1\" content=\"Est. reading time\" \/>\n\t<meta name=\"twitter:data1\" content=\"3 minutes\" \/>\n<script type=\"application\/ld+json\" class=\"yoast-schema-graph\">{\"@context\":\"https:\/\/schema.org\",\"@graph\":[{\"@type\":\"WebPage\",\"@id\":\"https:\/\/www.tracevault.cl\/nuestros-servicios\/proyectos-en-el-estado\/caso-de-exito-labgob\/\",\"url\":\"https:\/\/www.tracevault.cl\/nuestros-servicios\/proyectos-en-el-estado\/caso-de-exito-labgob\/\",\"name\":\"Caso de \u00e9xito - Laboratorio de Gobierno - Tracevault\",\"isPartOf\":{\"@id\":\"https:\/\/www.tracevault.cl\/#website\"},\"datePublished\":\"2020-09-09T14:53:08+00:00\",\"dateModified\":\"2025-05-14T15:58:05+00:00\",\"breadcrumb\":{\"@id\":\"https:\/\/www.tracevault.cl\/nuestros-servicios\/proyectos-en-el-estado\/caso-de-exito-labgob\/#breadcrumb\"},\"inLanguage\":\"en-US\",\"potentialAction\":[{\"@type\":\"ReadAction\",\"target\":[\"https:\/\/www.tracevault.cl\/nuestros-servicios\/proyectos-en-el-estado\/caso-de-exito-labgob\/\"]}]},{\"@type\":\"BreadcrumbList\",\"@id\":\"https:\/\/www.tracevault.cl\/nuestros-servicios\/proyectos-en-el-estado\/caso-de-exito-labgob\/#breadcrumb\",\"itemListElement\":[{\"@type\":\"ListItem\",\"position\":1,\"name\":\"Portada\",\"item\":\"https:\/\/www.tracevault.cl\/\"},{\"@type\":\"ListItem\",\"position\":2,\"name\":\"Nuestros servicios\",\"item\":\"https:\/\/www.tracevault.cl\/nuestros-servicios\/\"},{\"@type\":\"ListItem\",\"position\":3,\"name\":\"Proyectos en el Estado\",\"item\":\"https:\/\/www.tracevault.cl\/nuestros-servicios\/proyectos-en-el-estado\/\"},{\"@type\":\"ListItem\",\"position\":4,\"name\":\"Caso de \u00e9xito &#8211; Laboratorio de Gobierno\"}]},{\"@type\":\"WebSite\",\"@id\":\"https:\/\/www.tracevault.cl\/#website\",\"url\":\"https:\/\/www.tracevault.cl\/\",\"name\":\"Tracevault\",\"description\":\"Soluciones simples a problemas complejos\",\"potentialAction\":[{\"@type\":\"SearchAction\",\"target\":{\"@type\":\"EntryPoint\",\"urlTemplate\":\"https:\/\/www.tracevault.cl\/?s={search_term_string}\"},\"query-input\":{\"@type\":\"PropertyValueSpecification\",\"valueRequired\":true,\"valueName\":\"search_term_string\"}}],\"inLanguage\":\"en-US\"}]}<\/script>\n<!-- \/ Yoast SEO plugin. -->","yoast_head_json":{"title":"Caso de \u00e9xito - Laboratorio de Gobierno - Tracevault","robots":{"index":"index","follow":"follow","max-snippet":"max-snippet:-1","max-image-preview":"max-image-preview:large","max-video-preview":"max-video-preview:-1"},"canonical":"https:\/\/www.tracevault.cl\/en\/nuestros-servicios\/proyectos-en-el-estado\/caso-de-exito-labgob\/","og_locale":"en_US","og_type":"article","og_title":"Caso de \u00e9xito - Laboratorio de Gobierno - Tracevault","og_url":"https:\/\/www.tracevault.cl\/en\/nuestros-servicios\/proyectos-en-el-estado\/caso-de-exito-labgob\/","og_site_name":"Tracevault","article_modified_time":"2025-05-14T15:58:05+00:00","twitter_card":"summary_large_image","twitter_misc":{"Est. reading time":"3 minutes"},"schema":{"@context":"https:\/\/schema.org","@graph":[{"@type":"WebPage","@id":"https:\/\/www.tracevault.cl\/nuestros-servicios\/proyectos-en-el-estado\/caso-de-exito-labgob\/","url":"https:\/\/www.tracevault.cl\/nuestros-servicios\/proyectos-en-el-estado\/caso-de-exito-labgob\/","name":"Caso de \u00e9xito - Laboratorio de Gobierno - Tracevault","isPartOf":{"@id":"https:\/\/www.tracevault.cl\/#website"},"datePublished":"2020-09-09T14:53:08+00:00","dateModified":"2025-05-14T15:58:05+00:00","breadcrumb":{"@id":"https:\/\/www.tracevault.cl\/nuestros-servicios\/proyectos-en-el-estado\/caso-de-exito-labgob\/#breadcrumb"},"inLanguage":"en-US","potentialAction":[{"@type":"ReadAction","target":["https:\/\/www.tracevault.cl\/nuestros-servicios\/proyectos-en-el-estado\/caso-de-exito-labgob\/"]}]},{"@type":"BreadcrumbList","@id":"https:\/\/www.tracevault.cl\/nuestros-servicios\/proyectos-en-el-estado\/caso-de-exito-labgob\/#breadcrumb","itemListElement":[{"@type":"ListItem","position":1,"name":"Portada","item":"https:\/\/www.tracevault.cl\/"},{"@type":"ListItem","position":2,"name":"Nuestros servicios","item":"https:\/\/www.tracevault.cl\/nuestros-servicios\/"},{"@type":"ListItem","position":3,"name":"Proyectos en el Estado","item":"https:\/\/www.tracevault.cl\/nuestros-servicios\/proyectos-en-el-estado\/"},{"@type":"ListItem","position":4,"name":"Caso de \u00e9xito &#8211; Laboratorio de Gobierno"}]},{"@type":"WebSite","@id":"https:\/\/www.tracevault.cl\/#website","url":"https:\/\/www.tracevault.cl\/","name":"Tracevault","description":"Soluciones simples a problemas complejos","potentialAction":[{"@type":"SearchAction","target":{"@type":"EntryPoint","urlTemplate":"https:\/\/www.tracevault.cl\/?s={search_term_string}"},"query-input":{"@type":"PropertyValueSpecification","valueRequired":true,"valueName":"search_term_string"}}],"inLanguage":"en-US"}]}},"_links":{"self":[{"href":"https:\/\/www.tracevault.cl\/en\/wp-json\/wp\/v2\/pages\/1299","targetHints":{"allow":["GET"]}}],"collection":[{"href":"https:\/\/www.tracevault.cl\/en\/wp-json\/wp\/v2\/pages"}],"about":[{"href":"https:\/\/www.tracevault.cl\/en\/wp-json\/wp\/v2\/types\/page"}],"author":[{"embeddable":true,"href":"https:\/\/www.tracevault.cl\/en\/wp-json\/wp\/v2\/users\/1"}],"replies":[{"embeddable":true,"href":"https:\/\/www.tracevault.cl\/en\/wp-json\/wp\/v2\/comments?post=1299"}],"version-history":[{"count":0,"href":"https:\/\/www.tracevault.cl\/en\/wp-json\/wp\/v2\/pages\/1299\/revisions"}],"up":[{"embeddable":true,"href":"https:\/\/www.tracevault.cl\/en\/wp-json\/wp\/v2\/pages\/717"}],"wp:attachment":[{"href":"https:\/\/www.tracevault.cl\/en\/wp-json\/wp\/v2\/media?parent=1299"}],"curies":[{"name":"wp","href":"https:\/\/api.w.org\/{rel}","templated":true}]}}